{"id":186,"date":"2025-05-25T00:36:17","date_gmt":"2025-05-24T17:36:17","guid":{"rendered":"https:\/\/doctorcar.org\/?page_id=186"},"modified":"2025-05-26T02:06:06","modified_gmt":"2025-05-25T19:06:06","slug":"dich-vu","status":"publish","type":"page","link":"https:\/\/doctorcar.org\/?page_id=186","title":{"rendered":"S\u1eecA H\u1ec6 TH\u1ed0NG \u0110I\u1ec6N"},"content":{"rendered":"<p>&nbsp;<\/p>\n<h1><strong>Garage S\u1eeda \u0110i\u1ec7n \u00d4 T\u00f4\u00a0Uy T\u00edn V\u00e0\u00a0Chuy\u00ean Nghi\u1ec7p\u00a0<\/strong><\/h1>\n<p><b>S\u1eeda ch\u1eefa h\u1ec7 th\u1ed1ng \u0111i\u1ec7n \u00f4 t\u00f4<\/b>\u00a0ng\u00e0y nay l\u00e0 kh\u00e2u k\u0129 thu\u1eadt ph\u1ee9c t\u1ea1p nh\u1ea5t, \u0111\u00f2i h\u1ecfi ch\u1ea5t x\u00e1m v\u00e0 kinh nghi\u1ec7m nhi\u1ec1u nh\u1ea5t trong l\u0129nh v\u1ef1c\u00a0<strong>s\u1eeda ch\u1eefa \u0111i\u1ec7n oto<\/strong>. Th\u1ef1c t\u1ebf, kh\u00f4ng ph\u1ea3i\u00a0<strong>Garage s\u1eeda ch\u1eefa \u0111i\u1ec7n xe \u00f4 t\u00f4<\/strong>\u00a0n\u00e0o c\u0169ng \u0111\u00e1p \u1ee9ng \u0111\u01b0\u1ee3c \u0111\u1ea7y \u0111\u1ee7 m\u00e1y m\u00f3c ch\u1ea9n \u0111o\u00e1n v\u00e0 c\u00f3 nh\u1eefng k\u1ef9 thu\u1eadt vi\u00ean s\u1eeda \u00f4 t\u00f4 \u0111\u01b0\u1ee3c \u0111\u00e0o t\u1ea1o b\u00e0i b\u1ea3n chuy\u00ean s\u00e2u.<\/p>\n<p><img decoding=\"async\" src=\"https:\/\/anphatauto.vn\/upload\/elfinder\/sua-dien-o-to\/sua-dien-o-to-chuyen-sau-An-Phat_auto.jpeg\" alt=\"S\u1eeda \u0111i\u1ec7n \u00f4 t\u00f4 chuy\u00ean s\u00e2u An Ph\u00e1t Auto\" \/><\/p>\n<p>M\u1ed7i h\u1ec7 th\u1ed1ng tr\u00ean xe \u00f4 t\u00f4 ng\u00e0y nay \u0111\u1ec1u \u0111\u01b0\u1ee3c \u0111i\u1ec1u khi\u1ec3n b\u1edfi nh\u1eefng c\u00f4ng c\u1ee5 \u0111i\u1ec7n t\u1eed th\u00f4ng minh. Tr\u00ean nh\u1eefng d\u00f2ng xe cao c\u1ea5p th\u1eadm ch\u00ed c\u00f3 t\u1edbi c\u1ea3 tr\u0103m h\u1ed9p \u0111i\u1ec1u khi\u1ec3n. V\u00e0 \u0111\u1ec3 s\u1eeda \u0111\u01b0\u1ee3c ch\u00fang, b\u1eaft bu\u1ed9c k\u1ef9 thu\u1eadt vi\u00ean ph\u1ea3i l\u00e0 nh\u1eefng ng\u01b0\u1eddi\u00a0<strong>s\u1eeda ch\u1eefa \u0111i\u1ec7n xe oto<\/strong>\u00a0chuy\u00ean nghi\u1ec7p.<\/p>\n<h2><strong><span style=\"color: #0000ff; font-family: Arial, Helvetica, sans-serif;\">I. H\u1ec7 th\u1ed1ng \u0111i\u1ec7n xe \u00f4 t\u00f4 l\u00e0 g\u00ec?<\/span><\/strong><\/h2>\n<p><b>H\u1ec7 th\u1ed1ng \u0111i\u1ec7n v\u00e0 \u0111i\u1ec7n t\u1eed tr\u00ean xe \u00f4 t\u00f4<\/b>\u00a0\u0111\u1eddi m\u1edbi bao g\u1ed3m: To\u00e0n b\u1ed9 h\u1ec7 th\u1ed1ng \u0111\u01b0\u1eddng d\u00e2y \u0111i\u1ec7n, c\u1ea7u ch\u00ec, r\u01a1 le, m\u00e1y ph\u00e1t (dinamo), \u0111\u1ec1, b\u00ecnh \u1eafc quy.<br \/>\nH\u1ec7 th\u1ed1ng kh\u1edfi \u0111\u1ed9ng, \u0111i\u1ec1u khi\u1ec3n \u0111\u1ed9ng c\u01a1, \u0111i\u1ec1u khi\u1ec3n b\u1eb1ng t\u00edn hi\u1ec7u, chi\u1ebfu s\u00e1ng, l\u00e1i \u0111i\u1ec7n t\u1eed, c\u00e2n b\u1eb1ng \u0111i\u1ec7n t\u1eed \u0111\u01b0\u1ee3c c\u1ea5u th\u00e0nh b\u1edfi r\u1ea5t nhi\u1ec1u linh ki\u1ec7n hi\u1ec7n \u0111\u1ea1i nh\u01b0: c\u00e1c h\u1ed9p \u0111i\u1ec1u khi\u1ec3n ECU, PCM,&#8230; c\u00e1c c\u1ea3m bi\u1ebfn.<\/p>\n<p><img decoding=\"async\" src=\"https:\/\/anphatauto.vn\/upload\/elfinder\/he%20thong%20dien\/29829070445_9fd51200d0_z%20(2).jpg\" alt=\"S\u1eeda ch\u1eefa \u0111i\u1ec7n oto xe h\u01a1i k\u0129 thu\u1eadt cao t\u1ea1i An Ph\u00e1t Auto\" \/><\/p>\n<p>M\u1ed9t d\u00f2ng \u0111i\u1ec7n nh\u1ecf \u0111\u01b0\u1ee3c d\u00f9ng \u0111\u1ec3 kh\u1edfi \u0111\u1ed9ng \u0111\u1ed9ng c\u01a1 xe. N\u0103ng l\u01b0\u1ee3ng ti\u00eau th\u1ee5 t\u1eeb \u1eafc-quy \u0111\u01b0\u1ee3c b\u00f9 \u0111\u1eafp b\u1eb1ng n\u0103ng l\u01b0\u1ee3ng t\u1eeb m\u00e1y ph\u00e1t \u0111i\u1ec7n. \u0110i\u1ec7n t\u1eeb b\u00ecnh \u1eafc-quy \u0111\u01b0\u1ee3c \u0111i v\u00e0o h\u1ec7 th\u1ed1ng \u0111\u00e1nh l\u1eeda \u2013 \u0111\u00e2y l\u00e0 n\u01a1i m\u00e0 \u0111i\u1ec7n cao \u00e1p s\u1ebd t\u1ea1o ra tia l\u1eeda \u0111i\u1ec7n \u1edf bugi.<\/p>\n<p>Khi h\u1ec7 th\u1ed1ng \u0111i\u1ec7n v\u00e0 \u0111i\u1ec7n t\u1eed c\u1ee7a \u00f4 t\u00f4 \u0111\u00e3 ho\u1ea1t \u0111\u1ed9ng, ngu\u1ed3n \u0111i\u1ec7n \u0111\u01b0\u1ee3c cung c\u1ea5p cho h\u1ea7u h\u1ebft c\u00e1c thi\u1ebft b\u1ecb tr\u00ean \u00f4 t\u00f4 nh\u01b0: \u0111\u00e8n pha, g\u1ea1t n\u01b0\u1edbc, c\u1eeda s\u1ed5 \u0111i\u1ec7n, \u0111i\u1ec1u h\u00f2a kh\u00f4ng kh\u00ed v\u00e0 h\u1ec7 th\u1ed1ng c\u1ea3m bi\u1ebfn (ABS, EPS, ESC, ECMS) v\u00e0 m\u1ed9t s\u1ed1 thi\u1ebft b\u1ecb gi\u1ea3i tr\u00ed\u2026 T\u1ea5t c\u1ea3 m\u1ecdi ho\u1ea1t \u0111\u1ed9ng c\u1ee7a \u00f4 t\u00f4 \u0111\u1ec1u c\u1ea7n \u0111\u1ebfn \u0111i\u1ec7n n\u0103ng.<\/p>\n<p>Nh\u01b0 v\u1eady, b\u1ea1n \u0111\u00e3 hi\u1ec3u t\u1ea7m quan tr\u1ecdng c\u1ee7a h\u1ec7 th\u1ed1ng \u0111i\u1ec7n v\u00e0 \u0111i\u1ec7n t\u1eed c\u1ee7a \u00f4 t\u00f4 \u0111\u1ed1i v\u1edbi qu\u00e1 tr\u00ecnh v\u1eadn h\u00e0nh c\u1ee7a \u00f4 t\u00f4. Do \u0111\u00f3, khi xe c\u1ee7a b\u1ea1n g\u1eb7p s\u1ef1 c\u1ed1 v\u1ec1 h\u1ec7 th\u1ed1ng \u0111i\u1ec7n v\u00e0 \u0111i\u1ec7n t\u1eed th\u00ec c\u1ea7n ph\u00e1t hi\u1ec7n v\u00e0 s\u1eeda \u0111i\u1ec7n \u00f4 t\u00f4 c\u00e0ng s\u1edbm c\u00e0ng t\u1ed1t \u0111\u1ec3 tr\u00e1nh nh\u1eefng r\u1eafc r\u1ed1i, th\u1eadm ch\u00ed l\u00e0 m\u1ed1i nguy hi\u1ec3m trong qu\u00e1 tr\u00ecnh \u0111i\u1ec1u khi\u1ec3n xe.<\/p>\n<p><strong><span style=\"color: #0000ff; font-family: Arial, Helvetica, sans-serif;\">II. Nh\u1eefng l\u1ed7i c\u1ea7n s\u1eeda \u0111i\u1ec7n \u00f4 t\u00f4<\/span><\/strong><\/p>\n<p>Khi\u00a0<strong>s\u1eeda ch\u1eefa \u0111i\u1ec7n oto<\/strong>, ch\u00fang ta th\u01b0\u1eddng g\u1eb7p c\u00e1c l\u1ed7i sau: ABS, l\u1ed7i cam, c\u1ea3m bi\u1ebfn oxy, l\u1ed7i c\u1ea3m bi\u1ebfn nhi\u1ec7t \u0111\u1ed9, bugi, mobin, l\u1ed7i airbag, l\u1ed7i \u0111\u00e8n check, l\u1ed7i gi\u00f3 n\u1ea1p, l\u1ed7i \u0111\u1ed9ng c\u01a1, \u0111i\u1ec7n taplo, t\u00fai kh\u00ed, \u0111i\u1ec7n \u0111\u00e8n c\u00f2i, h\u01b0 th\u1eafng, b\u01a1m x\u0103ng, xe ch\u1ebft m\u00e1y, xe rung gi\u1eadt, \u0111i\u1ec7n cap \u00e1p, thay b\u00ecnh \u1eafc quy, b\u00ecnh \u0111i\u1ec7n \u00f4 t\u00f4, b\u00ecnh \u1eafc quy ph\u1ee5, ch\u00e1y c\u1ea7u ch\u00ec, m\u00e1y ph\u00e1t \u0111i\u1ec7n (dinamo) h\u1ecfng, \u0111\u1ec1 \u00f4 t\u00f4 h\u1ecfng, qu\u1ea1t t\u1ea3n nhi\u1ec7t h\u1ecfng, c\u1ea7u ch\u00ec , r\u01a1 le h\u1ecfng. M\u1ed9t s\u1ed1 l\u1ed7i li\u00ean quan \u0111\u1ebfn h\u1ed9p \u0111i\u1ec1u khi\u1ec3n \u0111i\u1ec7n th\u00e2n xe (h\u1ed9p body), h\u1ed9p \u0111i\u1ec1u khi\u1ec3n \u0111\u1ed9ng c\u01a1 (PCM) v\u00e0 c\u00e1c l\u1ed7i h\u1ed9p \u0111i\u1ec1u khi\u1ec3n c\u00e1c h\u1ec7 th\u1ed1ng kh\u00e1c.<\/p>\n<p>\u0110a ph\u1ea7n\u00a0<strong>s\u1eeda ch\u1eefa h\u1ec7 th\u1ed1ng \u0111i\u1ec7n \u00f4 t\u00f4<\/strong>\u00a0h\u01b0 h\u1ecfng do k\u1ebft n\u1ed1i k\u00e9m, d\u00e2y \u0111i\u1ec7n b\u1ecb \u0111\u1ee9t, r\u01a1 l\u1ecfng c\u00e1c gi\u1eafc c\u1eafm \u0111i\u1ec7n \u0111i\u1ec1u khi\u1ec3n. M\u1ed9t s\u1ed1 linh ki\u1ec7n nh\u01b0 mobin, bugi, b\u01a1m x\u0103ng h\u1ebft tu\u1ed5i th\u1ecd nh\u01b0ng kh\u00f4ng \u0111\u01b0\u1ee3c ki\u1ec3m tra b\u1ea3o d\u01b0\u1ee1ng thay th\u1ebf \u0111\u1ecbnh k\u1ef3, ho\u1eb7c c\u0169ng c\u00f3 c\u00e1c l\u1ed7i b\u1ecb k\u00e9o theo t\u1eeb ph\u1ea7n c\u01a1 h\u1ecdc d\u1eabn \u0111\u1ebfn t\u00edn hi\u1ec7u b\u00e1o v\u1ec1 ECU b\u1ecb sai l\u1ec7ch&#8230; Tuy nhi\u00ean, v\u1edbi h\u1ec7 th\u1ed1ng \u0111i\u1ec7n ch\u1eb1ng ch\u1ecbt l\u00ean t\u1edbi h\u00e0ng ng\u00e0n s\u1ee3i, th\u00ec ph\u1ea3i s\u1eed d\u1ee5ng m\u00e1y ch\u1ea9n \u0111o\u00e1n m\u1edbi c\u00f3 th\u1ec3 ki\u1ec3m tra ch\u00ednh x\u00e1c nh\u1ea5t, khi\u00a0<strong>s\u1eeda \u0111i\u1ec7n \u00f4 t\u00f4.<\/strong><\/p>\n<h2><strong><span style=\"color: #0000ff; font-family: Arial, Helvetica, sans-serif;\">III. Garage s\u1eeda \u0111i\u1ec7n \u00f4 t\u00f4 c\u1ea7n \u0111\u00e1p \u1ee9ng nh\u1eefng \u0111i\u1ec1u g\u00ec?<\/span><\/strong><\/h2>\n<p>\u0110\u1ec3 \u0111\u00e1p \u1ee9ng \u0111\u01b0\u1ee3c vi\u1ec7c\u00a0<strong>s\u1eeda ch\u1eefa \u0111i\u1ec7n oto chuy\u00ean s\u00e2u<\/strong>, c\u00e1c gara c\u1ea7n ph\u1ea3i \u0111\u00e1p \u1ee9ng r\u1ea5t nhi\u1ec1u y\u00eau c\u1ea7u kh\u1eaft khe v\u1ec1 to\u00e0n b\u1ed9 quy tr\u00ecnh l\u00e0m vi\u1ec7c. \u0110\u1eb7c bi\u1ec7t, \u00a0tr\u00ecnh \u0111\u1ed9 k\u1ef9 thu\u1eadt vi\u00ean v\u00e0 m\u00e1y m\u00f3c trang thi\u1ebft b\u1ecb l\u00e0 hai y\u1ebfu t\u1ed1 s\u1ebd quy\u1ebft \u0111\u1ecbnh\u00a0<strong>c\u01a1 s\u1edf s\u1eeda ch\u1eefa h\u1ec7 th\u1ed1ng \u0111i\u1ec7n \u00f4 t\u00f4<\/strong>\u00a0c\u00f3 th\u1ec3 gi\u1ea3i quy\u1ebft \u0111\u01b0\u1ee3c c\u00e1c l\u1ed7i v\u1ec1 h\u1ec7 th\u1ed1ng \u0111i\u1ec7n \u00f4 t\u00f4 hay kh\u00f4ng.<\/p>\n<p><img decoding=\"async\" src=\"https:\/\/anphatauto.vn\/upload\/elfinder\/sua-dien-o-to\/gara-sua-chua-dien-o-to-anphat-3.jpeg\" alt=\"Gara s\u1eeda ch\u1eefa \u0111i\u1ec7n oto chuy\u00ean s\u00e2u t\u1ea1i TPHCM\" \/><\/p>\n<h3><b>1. Trang thi\u1ebft b\u1ecb hi\u1ec7n \u0111\u1ea1i, t\u00e0i li\u1ec7u ch\u00ednh h\u00e3ng c\u1eadp nh\u1eadt li\u00ean t\u1ee5c<\/b><\/h3>\n<p>M\u1ed9t trong nh\u1eefng \u0111i\u1ec1u kh\u00f4ng th\u1ec3 thi\u1ebfu c\u1ee7a m\u1ed9t\u00a0<strong>gara s\u1eeda \u0111i\u1ec7n \u00f4 t\u00f4<\/strong>\u00a0chuy\u00ean s\u00e2u \u0111\u00f3 l\u00e0 m\u00e1y \u0111\u1ecdc l\u1ed7i. Ch\u00fang l\u00e0 m\u1ed9t c\u00f4ng c\u1ee5 \u0111\u1eafc l\u1ef1c cho t\u1ea5t c\u1ea3 c\u00e1c x\u01b0\u1edfng d\u1ecbch v\u1ee5 \u00f4 t\u00f4 tr\u00ean th\u1ebf gi\u1edbi nh\u1eb1m b\u1eaft b\u1ec7nh ch\u00ednh x\u00e1c nh\u1ea5t c\u00e1c l\u1ed7i c\u1ee7a xe.<\/p>\n<p>\u0110\u1ed1i v\u1edbi vi\u1ec7c s\u1eeda ch\u1eefa h\u1ec7 th\u1ed1ng \u0111i\u1ec7n \u00f4 t\u00f4, c\u00e1c b\u1ea1n ch\u1ec9 c\u1ea7n \u201cc\u1eafm\u201d m\u00e1y \u0111\u1ecdc l\u1ed7i l\u00e0 c\u00f3 th\u1ec3 truy xu\u1ea5t t\u1ea5t c\u1ea3 c\u00e1c m\u00e3 l\u1ed7i tr\u00ean xe 1 c\u00e1ch d\u1ec5 d\u00e0ng, ch\u00ednh x\u00e1c t\u1edbi 100%. T\u1eeb \u0111\u00f3, c\u00f3 th\u1ec3 d\u1ec5 d\u00e0ng ph\u00e1t hi\u1ec7n ra v\u1ea5n \u0111\u1ec1 v\u00e0 t\u00ecm gi\u1ea3i ph\u00e1p s\u1eeda ch\u1eefa \u0111i\u1ec7n \u00f4 t\u00f4 nhanh ch\u00f3ng, ch\u00ednh x\u00e1c.<\/p>\n<p><img decoding=\"async\" src=\"https:\/\/anphatauto.vn\/upload\/elfinder\/he%20thong%20dien\/sua-dien-o-to-an-phat-6.jpg\" alt=\"An Ph\u00e1t Auto s\u1eeda \u0111i\u1ec7n \u00f4 t\u00f4 xe h\u01a1i ch\u1ea5t l\u01b0\u1ee3ng cao\" \/><\/p>\n<p>Ngo\u00e0i ra, t\u1ea5t c\u1ea3 c\u00e1c h\u00e3ng xe \u0111\u1ec1u c\u00f3 nh\u1eefng ph\u1ea7n m\u1ec1m h\u01b0\u1edbng d\u1eabn\u00a0<strong>s\u1eeda ch\u1eefa \u0111i\u1ec7n oto<\/strong>\u00a0ri\u00eang bi\u1ec7t. Ph\u1ea7n m\u1ec1m \u0111\u01b0\u1ee3c c\u00e0i \u0111\u1eb7t h\u1ed9p \u0111i\u1ec1u khi\u1ec3n c\u00e1c h\u1ec7 th\u1ed1ng \u0111i\u1ec7n \u00f4 t\u00f4. \u0110\u00e2y \u0111\u01b0\u1ee3c xem l\u00e0 cu\u1ed1n c\u1ea9m nang li\u00ean t\u1ee5c \u0111\u01b0\u1ee3c c\u1eadp nh\u1eadt nhanh ch\u00f3ng. V\u00e0 nh\u1eefng gara \u00f4 t\u00f4 ph\u1ea3i s\u1eed d\u1ee5ng \u0111\u01b0\u1ee3c nh\u1eefng c\u00f4ng c\u1ee5 n\u00e0y \u0111\u1ec3 khoanh v\u00f9ng, ch\u1ea9n \u0111o\u00e1n, t\u1eeb \u0111\u00f3 garage c\u00f3 th\u1ec3 \u0111\u01b0a ra gi\u1ea3i ph\u00e1p s\u1eeda \u0111i\u1ec7n \u00f4 t\u00f4 theo m\u1ed9t quy tr\u00ecnh c\u00f3 h\u1ec7 th\u1ed1ng.<\/p>\n<h3><b>2. \u0110\u1ed9i ng\u0169 k\u1ef9 thu\u1eadt vi\u00ean c\u00f3 chuy\u00ean m\u00f4n cao<\/b><\/h3>\n<p>Gara ph\u1ea3i s\u1edf h\u1eefu m\u1ed9t \u0111\u1ed9i ng\u0169 k\u1ef9 thu\u1eadt vi\u00ean c\u00f3 nhi\u1ec1u n\u0103m kinh nghi\u1ec7m, trong vi\u1ec7c\u00a0<strong>s\u1eeda ch\u1eefa h\u1ec7 th\u1ed1ng \u0111i\u1ec7n \u00f4 t\u00f4<\/strong>. T\u1ea5t c\u1ea3 nh\u1eefng ng\u01b0\u1eddi th\u1ee3 s\u1eeda ch\u1eefa \u0111i\u1ec7n \u00f4 t\u00f4 ph\u1ea3i \u0111\u01b0\u1ee3c \u0111\u00e0o t\u1ea1o m\u1ed9t c\u00e1ch b\u00e0i b\u1ea3n, t\u1eeb c\u01a1 b\u1ea3n \u0111\u1ebfn n\u00e2ng cao v\u00e0 chuy\u00ean s\u00e2u trong l\u0129nh v\u1ef1c \u0111i\u1ec7n \u2013 \u0111i\u1ec7n t\u1eed \u00f4 t\u00f4. V\u00e0 \u0111\u1eb7c bi\u1ec7t ph\u1ea3i s\u1eed d\u1ee5ng \u0111\u01b0\u1ee3c thu\u1ea7n th\u1ee5c nh\u1eefng trang thi\u1ebft b\u1ecb \u0111\u00e3 n\u00eau tr\u00ean.<\/p>\n<p>K\u1ef9 thu\u1eadt vi\u00ean s\u1eeda \u0111i\u1ec7n \u00f4 t\u00f4 c\u1ea7n th\u1ea5u hi\u1ec3u \u0111\u01b0\u1ee3c c\u1ea5u t\u1ea1o v\u00e0 nguy\u00ean l\u00fd ho\u1ea1t \u0111\u1ed9ng c\u1ee7a t\u1eebng h\u1ec7 th\u1ed1ng \u0111i\u1ec7n tr\u00ean xe \u00f4 t\u00f4. \u0110\u1ed3ng th\u1eddi, lu\u00f4n h\u1ecdc h\u1ecfi, t\u00ecm hi\u1ec3u th\u00eam c\u00e1c t\u00e0i li\u1ec7u s\u1eeda ch\u1eefa \u0111i\u1ec7n oto chuy\u00ean h\u00e3ng, nh\u1eefng c\u00f4ng ngh\u1ec7 m\u1edbi \u0111\u1ec3 n\u00e2ng cao k\u1ef9 n\u0103ng. Vi\u1ec7c s\u1eeda ch\u1eefa \u0111i\u1ec7n xe \u00f4 t\u00f4 c\u0169ng \u0111\u00f2i h\u1ecfi t\u00ednh t\u1ec9 m\u1ec9 v\u00e0 ch\u00ednh x\u00e1c cao. Ng\u01b0\u1eddi th\u1ee3 s\u1eeda ch\u1eefa c\u1ea7n t\u00e2m huy\u1ebft v\u1edbi ngh\u1ec1 c\u00f3 tinh th\u1ea7n tr\u00e1ch nhi\u1ec7m cao \u0111\u1ec3 t\u00ecm ra ch\u00ednh x\u00e1c nguy\u00ean nh\u00e2n c\u0169ng nh\u01b0 kh\u1eafc ph\u1ee5c tri\u1ec7t \u0111\u1ec3 l\u1ed7i \u0111i\u1ec7n c\u1ee7a xe \u00f4 t\u00f4.<\/p>\n<h2><strong><span style=\"color: #0000ff; font-family: Arial, Helvetica, sans-serif;\">IV. C\u00e1c d\u1ecbch v\u1ee5 s\u1eeda \u0111i\u1ec7n \u00f4 t\u00f4<\/span><\/strong><\/h2>\n<p><img decoding=\"async\" src=\"https:\/\/anphatauto.vn\/upload\/elfinder\/he%20thong%20dien\/sua-dien-o-to-chuyen-sau-an-phat-auto.jpg\" alt=\"S\u1eeda ch\u1eefa \u0111i\u1ec7n \u00f4 t\u00f4 - xe h\u01a1i t\u1ea1i Garage An Ph\u00e1t Auto\" \/><\/p>\n<p>S\u1eeda ch\u1eefa \u0111i\u1ec7n oto \u0111\u01b0\u1ee3c\u00a0chia ra nhi\u1ec1u g\u00f3i d\u1ecbch v\u1ee5 kh\u00e1c nhau, ho\u1eb7c ch\u00fang c\u00f3 th\u1ec3 li\u00ean quan t\u1edbi nhau nh\u01b0 sau:<\/p>\n<ul>\n<li>S\u1eeda ch\u1eefa h\u1ec7 th\u1ed1ng \u0111i\u1ec7n \u00f4 t\u00f4, kh\u1edfi \u0111\u1ed9ng \u00f4 t\u00f4: s\u1eeda startop, s\u1eeda ch\u00eca kh\u00f3a \u00f4 t\u00f4, s\u1eeda \u0111\u1ec1 \u00f4 t\u00f4.<\/li>\n<li>S\u1eeda h\u1ec7 th\u1ed1ng n\u1ea1p \u00f4 t\u00f4: s\u1eeda b\u01a1m x\u0103ng \u00f4 t\u00f4, s\u1eeda kim phun \u0111i\u1ec7n t\u1eed\u2026<\/li>\n<li>S\u1eeda h\u1ec7 th\u1ed1ng \u0111i\u1ec1u khi\u1ec3n \u0111\u1ed9ng c\u01a1 \u00f4 t\u00f4: s\u1eeda h\u1ed9p ECU, thay c\u1ea3m bi\u1ebfn tr\u1ee5c c\u01a1, thay c\u1ea3m bi\u1ebfn cam..<\/li>\n<li>S\u1eeda h\u1ec7 th\u1ed1ng chi\u1ebfu s\u00e1ng v\u00e0 t\u00edn hi\u1ec7u \u00f4 t\u00f4: s\u1eeda \u0111\u00e8n \u00f4 t\u00f4, s\u1eeda c\u00f2i \u00f4 t\u00f4, xi nhan\u2026<\/li>\n<li>S\u1eeda h\u1ec7 th\u1ed1ng \u0111i\u1ec7n ph\u1ee5: s\u1eeda n\u00e2ng k\u00ednh, s\u1eeda g\u1ea1t n\u01b0\u1edbc, s\u1eeda b\u01a1m n\u01b0\u1edbc k\u00ednh, s\u1eeda kh\u00f3a c\u1eeda, s\u1eeda \u0111i\u1ec1u khi\u1ec3n t\u1eeb xa xe \u00f4 t\u00f4.<\/li>\n<li>S\u1eeda ch\u1eefa \u0111i\u1ec7n l\u1ea1nh \u00f4 t\u00f4: s\u1eeda qu\u1ea1t gi\u00e0n l\u1ea1nh, s\u1eeda ch\u1eefa thay th\u1ebf c\u1ea3m bi\u1ebfn nhi\u1ec7t \u0111\u1ed9, s\u1eeda h\u1ed9p \u0111i\u1ec1u h\u00f2a.<\/li>\n<li>S\u1eeda h\u1ec7 th\u1ed1ng phanh \u0111i\u1ec1u khi\u1ec3n \u0111i\u1ec7n t\u1eed \u00f4 t\u00f4: s\u1eeda th\u1eafng tay \u0111i\u1ec7n, s\u1eeda l\u1ed7i ABS, ESP\u2026<\/li>\n<li>S\u1eeda h\u1ec7 th\u1ed1ng l\u00e1i \u0111i\u1ec7n t\u1eed \u00f4 t\u00f4: s\u1eeda tay l\u00e1i tr\u1ee3 l\u1ef1c \u0111i\u1ec7n, c\u1ea3m bi\u1ebfn\u2026<\/li>\n<li>S\u1eeda h\u1ec7 th\u1ed1ng \u0111i\u1ec1u khi\u1ec3n h\u1ed9p s\u1ed1: s\u1eeda v\u1ec9 h\u1ed9p s\u1ed1, s\u1eeda l\u1ed7i kh\u00f4ng v\u00e0o \u0111\u01b0\u1ee3c s\u1ed1, s\u1eeda h\u1ed9p \u0111i\u1ec1u khi\u1ec3n h\u1ed9p s\u1ed1\u2026<\/li>\n<li>S\u1eeda h\u1ec7 th\u1ed1ng m\u00e3 h\u00f3a kh\u00f3a \u0111\u1ed9ng c\u01a1 v\u00e0 ch\u1ed1ng tr\u1ed9m \u00f4 t\u00f4: c\u00e0i \u0111\u1eb7t imo ch\u00eca kh\u00f3a, s\u1eeda c\u00e0i ch\u00eca kh\u00f3a \u00f4 t\u00f4.<\/li>\n<li>S\u1eeda h\u1ec7 th\u1ed1ng \u0111i\u1ec1u khi\u1ec3n body xe \u00f4 t\u00f4: s\u1eeda h\u1ed9p Body, s\u1eeda l\u1ed7i m\u1ea5t t\u00edn hi\u1ec7u m\u1ea1ng giao ti\u1ebfp.<\/li>\n<li>S\u1eeda h\u1ec7 th\u1ed1ng \u0111i\u1ec1u khi\u1ec3n xe Hybrid.<\/li>\n<li>S\u1eeda h\u1ec7 th\u1ed1ng \u0111\u1ecbnh v\u1ecb to\u00e0n c\u1ea7u GPS xe \u00f4 t\u00f4.<\/li>\n<li>S\u1eeda ch\u1eefa h\u1ec7 th\u1ed1ng \u00e2m thanh, \u0111\u1ed3 ch\u01a1i \u00f4 t\u00f4: loa sub, s\u1eeda m\u00e0n h\u00ecnh androi, s\u1eeda c\u1ed1p \u0111i\u1ec7n c\u1eeda h\u00edt, b\u1ec7 b\u01b0\u1edbc \u00f4 t\u00f4.<\/li>\n<li>S\u1eeda h\u1ec7 th\u1ed1ng c\u1ea5p ngu\u1ed3n \u0111i\u1ec7n \u00f4 t\u00f4: S\u1eeda ch\u1eefa thay th\u1ebf m\u00e1y ph\u00e1t (dinamo) \u00f4 t\u00f4, thay b\u00ecnh \u1eafc quy.<\/li>\n<\/ul>\n<h2><strong><span style=\"color: #0000ff; font-family: Arial, Helvetica, sans-serif;\">\u00a0s\u1eeda ch\u1eefa \u0111i\u1ec7n oto chuy\u00ean s\u00e2u\u00a0<\/span><\/strong><\/h2>\n<p>\u0110\u00e1p \u1ee9ng t\u1ea5t c\u1ea3 nh\u1eefng y\u00eau c\u1ea7u tr\u00ean,\u00a0<b>Garage \u00d4 T\u00d4 V\u0103n Hi\u1ec1n<\/b>\u00a0l\u00e0 m\u1ed9t trong s\u1ed1 \u00edt nh\u1eefng x\u01b0\u1edfng d\u1ecbch v\u1ee5 s\u1eeda \u0111i\u1ec7n \u00f4 t\u00f4 \u1edf B\u00ecnh D\u01b0\u01a1ng c\u00f3 th\u1ec3\u00a0<b>s\u1eeda ch\u1eefa \u0111i\u1ec7n xe \u00f4 t\u00f4 chuy\u00ean s\u00e2u v\u00e0 uy t\u00edn, chuy\u00ean nghi\u1ec7p.<\/b><\/p>\n<p>V\u1edbi \u0111\u1ed9i ng\u0169 nh\u00e2n vi\u00ean tay ngh\u1ec1 cao, ch\u00fang t\u00f4i cam k\u1ebft gi\u1ea3i quy\u1ebft v\u1ea5n \u0111\u1ec1 xe h\u01a1i c\u1ee7a qu\u00fd kh\u00e1ch h\u00e0ng m\u1ed9t c\u00e1ch hi\u1ec7u qu\u1ea3 v\u00e0 an to\u00e0n nh\u1ea5t. \u00c1p d\u1ee5ng c\u00f4ng ngh\u1ec7, m\u00e1y m\u00f3c hi\u1ec7n \u0111\u1ea1i, chi\u1ebfc xe h\u01a1i c\u1ee7a kh\u00e1ch h\u00e0ng s\u1ebd \u0111\u01b0\u1ee3c ki\u1ec3m tra v\u00e0 ch\u0103m s\u00f3c t\u1ec9 m\u1ec9. \u0110\u1ea3m b\u1ea3o kh\u00f4i ph\u1ee5c t\u00ednh n\u0103ng c\u1ee7a xe,\u00a0<strong>s\u1eeda ch\u1eefa \u0111i\u1ec7n xe \u00f4 t\u00f4<\/strong>\u00a0v\u1ec1 tr\u1ea1ng th\u00e1i nh\u01b0 m\u1edbi.<\/p>\n<p>\u0110\u1eb7c bi\u1ec7t h\u01a1n n\u1eefa, <a href=\"tell:0971270446\"><span style=\"color: #ed1c24;\">doctorcar.org<\/span><\/a>\u00a0c\u0169ng l\u00e0 nh\u00e0 cung c\u1ea5p ph\u1ee5 t\u00f9ng \u00f4 t\u00f4, n\u00ean\u00a0<strong>gi\u00e1 c\u1ea3 cho d\u1ecbch v\u1ee5 s\u1eeda \u0111i\u1ec7n \u00f4 t\u00f4<\/strong>\u00a0hay c\u00e1c d\u1ecbch v\u1ee5 kh\u00e1c \u0111\u1ec1u r\u1ea5t ph\u1ea3i ch\u0103ng h\u1ee3p l\u00fd v\u1edbi m\u1ecdi kh\u00e1ch h\u00e0ng.<\/p>\n<p>L\u00e0 m\u1ed9t c\u01a1 s\u1edf \u0111i \u0111\u1ea7u trong l\u0129nh v\u1ef1c s\u1eeda ch\u1eefa \u00f4 t\u00f4 B\u00ecnh D\u01b0\u01a1ng. Ngo\u00e0i s\u1eeda \u0111i\u1ec7n \u00f4 t\u00f4 chuy\u00ean s\u00e2u <a href=\"tell:0971270446\"><span style=\"color: #ed1c24;\">doctorcar.org<\/span><\/a>\u00a0c\u00f3 \u0111\u1ea7y \u0111\u1ee7 c\u00e1c d\u1ecbch v\u1ee5 s\u1eeda ch\u1eefa, ch\u0103m s\u00f3c c\u00e1c xe h\u01a1i nh\u01b0\u00a0s\u1eeda g\u1ea7m m\u00e1y \u00f4 t\u00f4, s\u1eeda \u0111i\u1ec1u h\u00f2a m\u00e1y l\u1ea1nh \u00f4 t\u00f4, \u0111\u1ed3ng s\u01a1n \u00f4 t\u00f4 cao c\u1ea5p, n\u00e2ng c\u1ea5p l\u00ean \u0111\u1eddi xe, t\u00e2n trang xe c\u0169, b\u1ecdc gh\u1ebf da \u00f4 t\u00f4&#8230;<\/p>\n<p>Khi b\u1ea1n c\u1ea7n b\u1ea5t c\u1ee9 v\u1ea5n \u0111\u1ec1 g\u00ec v\u1ec1 s\u1eeda ch\u1eefa \u0111i\u1ec7n xe \u00f4 t\u00f4 ch\u0103m s\u00f3c xe h\u01a1i h\u00e3y li\u00ean h\u1ec7 ngay v\u1edbi <a href=\"tell:0971270446\"><span style=\"color: #ed1c24;\">doctorcar.org<\/span><\/a>\u00a0\u0111\u1ec3 \u0111\u01b0\u1ee3c t\u01b0 v\u1ea5n v\u00e0 h\u1ed7 tr\u1ee3 m\u1ed9t c\u00e1ch chuy\u00ean nghi\u1ec7p nh\u1ea5t b\u1edfi m\u1ed9t \u0111\u01a1n v\u1ecb s\u1eeda ch\u1eefa \u00f4 t\u00f4 uy t\u00edn b\u1eadc nh\u1ea5t B\u00ecnh D\u01b0\u01a1ng.<\/p>\n","protected":false},"excerpt":{"rendered":"<p>&nbsp; Garage S\u1eeda \u0110i\u1ec7n \u00d4 T\u00f4\u00a0Uy T\u00edn V\u00e0\u00a0Chuy\u00ean Nghi\u1ec7p\u00a0 S\u1eeda ch\u1eefa h\u1ec7 th\u1ed1ng \u0111i\u1ec7n \u00f4 t\u00f4\u00a0ng\u00e0y nay l\u00e0 kh\u00e2u k\u0129 thu\u1eadt ph\u1ee9c t\u1ea1p nh\u1ea5t, \u0111\u00f2i h\u1ecfi ch\u1ea5t x\u00e1m v\u00e0 kinh nghi\u1ec7m nhi\u1ec1u nh\u1ea5t trong l\u0129nh v\u1ef1c\u00a0s\u1eeda ch\u1eefa \u0111i\u1ec7n oto. Th\u1ef1c t\u1ebf, kh\u00f4ng ph\u1ea3i\u00a0Garage s\u1eeda ch\u1eefa \u0111i\u1ec7n xe \u00f4 t\u00f4\u00a0n\u00e0o c\u0169ng \u0111\u00e1p \u1ee9ng \u0111\u01b0\u1ee3c \u0111\u1ea7y \u0111\u1ee7 [&#8230;]\n","protected":false},"author":1,"featured_media":0,"parent":250,"menu_order":0,"comment_status":"closed","ping_status":"closed","template":"","meta":{"om_disable_all_campaigns":false,"_monsterinsights_skip_tracking":false,"_monsterinsights_sitenote_active":false,"_monsterinsights_sitenote_note":"","_monsterinsights_sitenote_category":0,"_uf_show_specific_survey":0,"_uf_disable_surveys":false,"footnotes":""},"class_list":["post-186","page","type-page","status-publish","hentry"],"aioseo_notices":[],"_links":{"self":[{"href":"https:\/\/doctorcar.org\/index.php?rest_route=\/wp\/v2\/pages\/186","targetHints":{"allow":["GET"]}}],"collection":[{"href":"https:\/\/doctorcar.org\/index.php?rest_route=\/wp\/v2\/pages"}],"about":[{"href":"https:\/\/doctorcar.org\/index.php?rest_route=\/wp\/v2\/types\/page"}],"author":[{"embeddable":true,"href":"https:\/\/doctorcar.org\/index.php?rest_route=\/wp\/v2\/users\/1"}],"replies":[{"embeddable":true,"href":"https:\/\/doctorcar.org\/index.php?rest_route=%2Fwp%2Fv2%2Fcomments&post=186"}],"version-history":[{"count":9,"href":"https:\/\/doctorcar.org\/index.php?rest_route=\/wp\/v2\/pages\/186\/revisions"}],"predecessor-version":[{"id":368,"href":"https:\/\/doctorcar.org\/index.php?rest_route=\/wp\/v2\/pages\/186\/revisions\/368"}],"up":[{"embeddable":true,"href":"https:\/\/doctorcar.org\/index.php?rest_route=\/wp\/v2\/pages\/250"}],"wp:attachment":[{"href":"https:\/\/doctorcar.org\/index.php?rest_route=%2Fwp%2Fv2%2Fmedia&parent=186"}],"curies":[{"name":"wp","href":"https:\/\/api.w.org\/{rel}","templated":true}]}}