{"id":215,"date":"2025-05-25T01:39:21","date_gmt":"2025-05-24T18:39:21","guid":{"rendered":"https:\/\/doctorcar.org\/?page_id=215"},"modified":"2025-05-25T23:33:30","modified_gmt":"2025-05-25T16:33:30","slug":"sua-chua-he-thong-lanh","status":"publish","type":"page","link":"https:\/\/doctorcar.org\/?page_id=215","title":{"rendered":"\u0110I\u1ec6N L\u1ea0NH \u00d4 T\u00d4"},"content":{"rendered":"<p><b>S\u1eeda ch\u1eefa b\u1ea3o d\u01b0\u1ee1ng \u0111i\u1ec1u h\u00f2a \u00f4 t\u00f4<\/b>\u00a0l\u00e0 vi\u1ec7c t\u01b0\u1edfng ch\u1eebng r\u1ea5t \u0111\u01a1n gi\u1ea3n. M\u1ed9t ng\u01b0\u1eddi th\u1ee3 m\u1edbi v\u00e0o ngh\u1ec1 c\u0169ng c\u00f3 th\u1ec3 hi\u1ec3u nguy\u00ean l\u00fd l\u00e0m vi\u1ec7c c\u1ee7a \u0111i\u1ec1u h\u00f2a \u00f4 t\u00f4. Nh\u01b0ng \u0111\u1ec3 s\u1eeda m\u00e1y l\u1ea1nh \u00f4 t\u00f4 \u0111\u1ea1t ch\u1ea5t l\u01b0\u1ee3ng, l\u1ea1i l\u00e0 kh\u00e1i ni\u1ec7m ch\u1ec9 d\u00e0nh cho nh\u1eefng Garage, nh\u1eefng ng\u01b0\u1eddi th\u1ee3 r\u1ea5t am hi\u1ec3u v\u00e0 c\u00f3 kinh nghi\u1ec7m d\u00e0y d\u1eb7n trong l\u0129nh v\u1ef1c s\u1eeda ch\u1eefa h\u1ec7 th\u1ed1ng \u0111i\u1ec1u h\u00f2a tr\u00ean \u00f4 t\u00f4. \u0110\u1eb7c bi\u1ec7t l\u00e0 v\u1edbi nh\u1eefng d\u00f2ng xe h\u01a1i \u0111\u1eddi m\u1edbi, cao c\u1ea5p hi\u1ec7n nay.<\/p>\n<p><img decoding=\"async\" src=\"https:\/\/anphatauto.vn\/upload\/elfinder\/sua-dieu-hoa-o-to\/sua-dieu-hoa-o-to-chuyen-nghiep-An-Phat-Auto.jpeg\" alt=\"S\u1eeda \u0111i\u1ec1u h\u00f2a \u00f4 t\u00f4 chuy\u00ean nghi\u1ec7p - An Ph\u00e1t Auto\" \/><\/p>\n<p><em>S\u1eeda \u0111i\u1ec1u h\u00f2a \u00f4 t\u00f4 chuy\u00ean nghi\u1ec7p &#8211; <a href=\"tel:0971270446\"><strong><span style=\"color: #0000ff; font-family: Arial, Helvetica, sans-serif;\">Doctorcar.org<\/span><\/strong><\/a><\/em><\/p>\n<h2><strong><span style=\"color: #0000ff; font-family: Arial, Helvetica, sans-serif;\">C\u1ea5u T\u1ea1o V\u00e0 Nguy\u00ean L\u00fd Ho\u1ea1t \u0110\u1ed9ng C\u1ee7a \u0110i\u1ec1u H\u00f2a \u00d4 T\u00f4?<\/span><\/strong><\/h2>\n<p><b>\u0110i\u1ec1u h\u00f2a \u00f4 t\u00f4<\/b>\u00a0th\u00f4ng th\u01b0\u1eddng c\u00f3 2 lo\u1ea1i. Lo\u1ea1i 1 chi\u1ec1u ch\u1ec9 c\u00f3 kh\u1ea3 n\u0103ng l\u00e0m l\u1ea1nh (c\u00f2n g\u1ecdi l\u00e0 m\u00e1y l\u1ea1nh \u00f4 t\u00f4). Lo\u1ea1i 2 chi\u1ec1u v\u1eeba c\u00f3 kh\u1ea3 n\u0103ng l\u00e0m l\u1ea1nh, v\u1eeba c\u00f3 th\u1ec3 s\u01b0\u1edfi \u1ea5m. \u0110a ph\u1ea7n c\u00e1c d\u00f2ng xe \u00f4 t\u00f4 hi\u1ec7n nay s\u1eed d\u1ee5ng lo\u1ea1i \u0111i\u1ec1u ho\u00e0 2 chi\u1ec1u.<\/p>\n<p><b>H\u1ec7 th\u1ed1ng \u0111i\u1ec1u ho\u00e0 \u00f4 t\u00f4<\/b>\u00a0bao g\u1ed3m: block l\u1ea1nh, gi\u00e0n l\u1ea1nh, gi\u00e0n n\u00f3ng, h\u1ec7 th\u1ed1ng \u0111\u01b0\u1eddng \u1ed1ng ga, van ti\u1ebft l\u01b0u, l\u1ecdc gas, c\u1ea3m bi\u1ebfn nhi\u1ec7t \u0111\u1ed9 v\u00e0 h\u1ec7 th\u1ed1ng \u0111i\u1ec7n &#8211; \u0111i\u1ec7n t\u1eed \u0111i\u1ec1u khi\u1ec3n.<\/p>\n<p><img decoding=\"async\" src=\"https:\/\/anphatauto.vn\/upload\/elfinder\/sua-dieu-hoa-o-to\/cau-tao-he-thong-lanh-o-to.jpeg\" alt=\"C\u1ea5u t\u1ea1o h\u1ec7 th\u1ed1ng l\u1ea1nh \u00f4 t\u00f4\" \/><img decoding=\"async\" src=\"https:\/\/anphatauto.vn\/upload\/elfinder\/sua-dieu-hoa-o-to\/cau-tao-he-thong-lanh-o-to-2.jpeg\" alt=\"C\u1ea5u t\u1ea1o h\u1ec7 th\u1ed1ng l\u1ea1nh \u00f4 t\u00f4\" \/><\/p>\n<p><em>C\u1ea5u t\u1ea1o h\u1ec7 th\u1ed1ng l\u1ea1nh \u00f4 t\u00f4<\/em><\/p>\n<p><b>H\u1ec7 th\u1ed1ng \u0111i\u1ec1u ho\u00e0 \u00f4 t\u00f4<\/b>\u00a0c\u00f3 nguy\u00ean l\u00fd ho\u1ea1t \u0111\u1ed9ng c\u1ee5 th\u1ec3 v\u00e0 chi ti\u1ebft nh\u01b0 sau: M\u00e1y n\u00e9n n\u1ed1i v\u1edbi \u0111\u1ed9ng c\u01a1 c\u1ee7a xe th\u00f4ng qua d\u00e2y curoa, n\u00e9n kh\u00ed l\u1ea1nh \u1edf \u00e1p su\u1ea5t cao. L\u00fac n\u00e0y nhi\u1ec7t \u0111\u1ed9 c\u1ee7a ch\u1ea5t l\u00e0m l\u1ea1nh t\u0103ng l\u00ean v\u00e0 \u0111\u01b0\u1ee3c \u0111\u1ea9y sang d\u00e0n n\u00f3ng, ch\u1ea5t l\u00e0m l\u1ea1nh h\u00f3a l\u1ecfng do t\u1ea3n nhi\u1ec7t \u1edf \u00e1p su\u1ea5t cao. Sau \u0111\u00f3 ch\u1ea5t l\u00e0m l\u1ea1nh \u0111\u01b0\u1ee3c van ti\u1ebft l\u01b0u b\u01a1m v\u00e0o gi\u00e0n l\u1ea1nh v\u1edbi l\u01b0\u1ee3ng ph\u00f9 h\u1ee3p v\u1edbi nhi\u1ec7t \u0111\u1ed9 \u0111\u01b0\u1ee3c \u0111i\u1ec1u ch\u1ec9nh trong xe, do \u00e1p su\u1ea5t gi\u1ea3m \u0111\u1ed9t ng\u1ed9t khi\u1ebfn ch\u00fang b\u1ecb h\u00f3a h\u01a1i v\u00e0 gi\u1ea3m nhi\u1ec7t \u0111\u1ed9.<\/p>\n<p>T\u1ea1i d\u00e0n l\u1ea1nh, h\u01a1i l\u1ea1nh s\u1ebd \u0111\u01b0\u1ee3c qu\u1ea1t gi\u00f3 th\u1ed5i ra khoang xe \u00f4 t\u00f4 gi\u00fap l\u00e0m m\u00e1t kh\u00f4ng kh\u00ed. Qu\u00e1 tr\u00ecnh n\u00e0y s\u1ebd k\u1ebft th\u00fac v\u00f2ng tu\u1ea7n ho\u00e0n c\u1ee7a m\u00f4i ch\u1ea5t l\u1ea1nh trong h\u1ec7 th\u1ed1ng \u0111i\u1ec1u h\u00f2a \u00f4 t\u00f4.<\/p>\n<p><strong><span style=\"color: #0000ff; font-family: Arial, Helvetica, sans-serif;\">Nh\u1eefng L\u1ed7i Th\u01b0\u1eddng G\u1eb7p Khi S\u1eeda \u0110i\u1ec1u H\u00f2a \u00d4 T\u00f4 L\u00e0 G\u00ec?<\/span><\/strong><\/p>\n<p>V\u1edbi kinh nghi\u1ec7m s\u1eeda ch\u1eefa l\u00e2u n\u0103m, <a href=\"tel:0971270446\"><strong><span style=\"color: #0000ff; font-family: Arial, Helvetica, sans-serif;\">Doctorcar.org<\/span><\/strong><\/a><b>\u00a0<\/b>\u0111\u00e3 ti\u1ebfp nh\u1eadn nhi\u1ec1u tr\u01b0\u1eddng h\u1ee3p l\u1ed7i tr\u00ean h\u1ec7 th\u1ed1ng m\u00e1y l\u1ea1nh \u00f4 t\u00f4 v\u00e0 kh\u1eafc ph\u1ee5c ch\u00fang m\u1ed9t c\u00e1ch ho\u00e0n ch\u1ec9nh. V\u00e0 nh\u1eefng l\u1ed7i th\u01b0\u1eddng g\u1eb7p c\u1ea7n\u00a0<b>s\u1eeda m\u00e1y l\u1ea1nh xe h\u01a1i<\/b>\u00a0c\u00f3 th\u1ec3 k\u1ec3 \u0111\u1ebfn nh\u01b0:<\/p>\n<ul>\n<li>\u0110i\u1ec1u h\u00f2a \u00f4 t\u00f4 l\u00fac m\u00e1t l\u00fac kh\u00f4ng, ho\u1eb7c m\u00e1t l\u00fac \u0111\u1ea7u v\u1ec1 sau kh\u00f4ng m\u00e1t.<\/li>\n<li>\u0110i\u1ec1u h\u00f2a c\u00f3 gi\u00f3 m\u00e0 kh\u00f4ng l\u1ea1nh.<\/li>\n<li>M\u00e1y l\u1ea1nh \u00f4 t\u00f4 t\u1ecfa ra h\u01a1i n\u00f3ng.<\/li>\n<li>\u0110i\u1ec1u h\u00f2a c\u00f3 m\u00f9i h\u00f4i ho\u1eb7c c\u00f3 m\u00f9i gas l\u1ea1nh, b\u1ecb rung gi\u1eadt khi m\u1edf.<\/li>\n<li>M\u00e1y l\u1ea1nh \u0111\u00f3ng ng\u1eaft li\u00ean t\u1ee5c.<\/li>\n<li>C\u00f3 ti\u1ebfng k\u00eau l\u1edbn khi m\u1edf m\u00e1y l\u1ea1nh xe h\u01a1i&#8230;<\/li>\n<\/ul>\n<p>C\u00f3 h\u00e0ng ch\u1ee5c\u00a0<strong>nguy\u00ean nh\u00e2n h\u1ec7 th\u1ed1ng m\u00e1y l\u1ea1nh \u00f4 t\u00f4 m\u1ea5t l\u1ea1nh<\/strong>\u00a0v\u00e0 l\u1ed7i tr\u00ean t\u1eebng chi ti\u1ebft ph\u1ee5 t\u00f9ng. Th\u00f4ng th\u01b0\u1eddng l\u00e0 v\u00ec c\u00e1c ch\u1ee7 xe r\u1ea5t \u00edt quan t\u00e2m \u0111\u1ebfn vi\u1ec7c\u00a0<strong>b\u1ea3o d\u01b0\u1ee1ng \u0111i\u1ec1u h\u00f2a \u00f4 t\u00f4<\/strong>, n\u00ean th\u01b0\u1eddng khi g\u1eb7p s\u1ef1 c\u1ed1, th\u00ec h\u01b0 h\u1ecfng \u0111\u00e3 x\u1ea3y ra \u1edf m\u1ee9c nghi\u00eam tr\u1ecdng.<\/p>\n<p>Theo khuy\u1ebfn c\u00e1o, c\u00e1c b\u1ea1n n\u00ean cho k\u1ef9 thu\u1eadt vi\u00ean\u00a0ki\u1ec3m tra, v\u1ec7 sinh gi\u00e0n n\u00f3ng, gi\u00e0n l\u1ea1nh, \u0111\u01b0\u1eddng \u1ed1ng gas thay l\u1ecdc gas, phin l\u1ecdc, b\u1ea3o d\u01b0\u1ee1ng block l\u1ea1nh \u0111i\u1ec1u h\u00f2a 12 th\u00e1ng\/ l\u1ea7n. \u0110\u1ec3 \u0111\u1ea3m b\u1ea3o h\u1ec7 th\u1ed1ng \u0111i\u1ec1u h\u00f2a, m\u00e1y l\u1ea1nh \u00f4 t\u00f4 ho\u1ea1t \u0111\u1ed9ng t\u1ed1t nh\u1ea5t v\u00e0 k\u00e9o d\u00e0i tu\u1ed5i th\u1ecd ph\u1ee5 t\u00f9ng.<\/p>\n<h2><strong><span style=\"color: #0000ff; font-family: Arial, Helvetica, sans-serif;\">S\u1eeda Ch\u1eefa B\u1ea3o D\u01b0\u1ee1ng \u0110i\u1ec1u H\u00f2a \u00d4 T\u00f4 \u2013 M\u00e1y L\u1ea1nh \u00d4 T\u00f4 \u1ede \u0110\u00e2u Uy T\u00edn?<\/span><\/strong><\/h2>\n<p>N\u1ebfu b\u1ea1n \u0111ang t\u00ecm ki\u1ebfm m\u1ed9t\u00a0<strong>garage s\u1eeda \u0111i\u1ec1u h\u00f2a \u00f4 t\u00f4<\/strong> uy t\u00edn \u1edf B\u00ecnh D\u01b0\u01a1ng, c\u00e1c b\u1ea1n c\u00f3 th\u1ec3 \u0111\u1ebfn v\u1edbi <a href=\"tel:0971270446\"><strong><span style=\"color: #0000ff; font-family: Arial, Helvetica, sans-serif;\">Doctorcar.org<\/span><\/strong><\/a>\u00a0\u0111\u1ec3 \u0111\u01b0\u1ee3c tr\u1ea3i nghi\u1ec7m nh\u1eefng d\u1ecbch v\u1ee5 uy t\u00edn v\u00e0 ch\u1ea5t l\u01b0\u1ee3ng nh\u1ea5t d\u00e0nh cho b\u1ea1n. T\u1ea1i An Ph\u00e1t, ch\u00fang t\u00f4i c\u00f3 nh\u1eefng \u0111i\u1ec1u m\u00e0 nh\u1eefng garage kh\u00e1c kh\u00f4ng c\u00f3:<\/p>\n<h3><b>1. L\u00e0 nh\u00e0 cung c\u1ea5p ph\u1ee5 t\u00f9ng \u00f4 t\u00f4<\/b><\/h3>\n<p><a href=\"tel:0971270446\"><strong><span style=\"color: #0000ff; font-family: Arial, Helvetica, sans-serif;\">Doctorcar.org<\/span><\/strong><\/a> v\u1eeba l\u00e0 gara s\u1eeda \u00f4 t\u00f4, s\u1eeda \u0111i\u1ec1u ho\u00e0 \u00f4 t\u00f4, b\u1ea3o d\u01b0\u1ee1ng \u0111i\u1ec1u ho\u00e0 \u00f4 t\u00f4, s\u1eeda m\u00e1y l\u1ea1nh \u00f4 t\u00f4 \u0111\u1eddi m\u1edbi, v\u1eeba l\u00e0 nh\u00e0 cung c\u1ea5p ph\u1ee5 t\u00f9ng \u00f4 t\u00f4, n\u00ean c\u00f3 l\u1ee3i th\u1ebf r\u1ea5t l\u1edbn trong vi\u1ec7c s\u1eeda m\u00e1y l\u1ea1nh xe h\u01a1i c\u1ee7a b\u1ea1n. K\u00e9o theo vi\u1ec7c <b>s\u1eeda ch\u1eefa m\u00e1y l\u1ea1nh \u00f4 t\u00f4<\/b>\u00a0c\u1ee7a b\u1ea1n nhanh h\u01a1n, ph\u1ee5 t\u00f9ng c\u00f3 ngu\u1ed3n g\u1ed1c r\u00f5 r\u00e0ng, gi\u00e1 t\u1ed1t nh\u1ea5t.<\/p>\n<h3><b>2. \u0110\u1ed9i ng\u0169 k\u1ef9 thu\u1eadt vi\u00ean c\u00f3 chuy\u00ean m\u00f4n cao gi\u00e0u kinh nghi\u1ec7m<\/b><\/h3>\n<p>Trong l\u0129nh v\u1ef1c\u00a0<b>s\u1eeda m\u00e1y l\u1ea1nh xe h\u01a1i<\/b> <a href=\"tel:0971270446\"><strong><span style=\"color: #0000ff; font-family: Arial, Helvetica, sans-serif;\">Doctorcar.org<\/span><\/strong><\/a>\u00a0s\u1edf h\u1eefu \u0111\u1ed9i ng\u0169 k\u1ef9 thu\u1eadt vi\u00ean t\u00e2m huy\u1ebft nhi\u1ec7t t\u00ecnh, \u0111\u01b0\u1ee3c \u0111\u00e0o t\u1ea1o theo quy tr\u00ecnh s\u1eeda ch\u1eefa \u0111i\u1ec1u ho\u00e0 \u00f4 t\u00f4 b\u00e0i b\u1ea3n. Ch\u1ea5t l\u01b0\u1ee3ng \u0111\u1ea7u ra s\u1ea3n ph\u1ea9m \u0111\u01b0\u1ee3c ki\u1ec3m so\u00e1t b\u1edfi nh\u1eefng b\u1eadc th\u1ea7y trong ngh\u1ec1.<\/p>\n<p>Ngo\u00e0i ra <a href=\"tel:0971270446\"><strong><span style=\"color: #0000ff; font-family: Arial, Helvetica, sans-serif;\">Doctorcar.org<\/span><\/strong><\/a>\u00a0c\u00f2n l\u00e0 trung t\u00e2m s\u1eeda ch\u1eefa b\u1ea3o d\u01b0\u1ee1ng xe h\u01a1i uy t\u00edn v\u1edbi \u0111\u1ea7y \u0111\u1ee7 c\u00e1c d\u1ecbch v\u1ee5: s\u1eeda m\u00e1y xe h\u01a1i, s\u1eeda g\u1ea7m xe h\u01a1i, s\u1eeda \u0111i\u1ec7n xe h\u01a1i, ch\u0103m s\u00f3c n\u00e2ng c\u1ea5p phi\u00ean b\u1ea3n xe h\u01a1i.<\/p>\n<h3><b>3. Th\u1eddi gian b\u1ea3o h\u00e0nh khi s\u1eeda \u0111i\u1ec1u ho\u00e0 \u00f4 t\u00f4 d\u00e0i l\u00e2u<\/b><\/h3>\n<p>Cung c\u1ea5p cho b\u1ea1n g\u00f3i\u00a0<strong>b\u1ea3o h\u00e0nh sau d\u1ecbch v\u1ee5 s\u1eeda \u0111i\u1ec1u h\u00f2a \u00f4 t\u00f4\u00a0<\/strong>c\u1ef1c l\u00e2u l\u00ean t\u1edbi 1 n\u0103m. V\u1edbi nh\u1eefng ktv gi\u1ecfi v\u00e0 ngu\u1ed3n ph\u1ee5 t\u00f9ng ch\u1ea5t l\u01b0\u1ee3ng, ch\u00fang t\u00f4i s\u1ebd \u0111\u1ea3m b\u1ea3o b\u1ea1n s\u1ebd an t\u00e2m \u0111\u1ec3 s\u1eed d\u1ee5ng nh\u1eefng d\u1ecbch v\u1ee5 an to\u00e0n t\u1ea1i \u0111\u00e2y.<\/p>\n<p><strong><span style=\"color: #0000ff; font-family: Arial, Helvetica, sans-serif;\">C\u00e1c D\u1ecbch V\u1ee5 S\u1eeda \u0110i\u1ec1u H\u00f2a \u00d4 T\u00f4 T\u1ea1i Grage \u00d4 T\u00d4 V\u0103n Hi\u1ec1n<\/span><\/strong><\/p>\n<p>H\u01b0\u1edbng t\u1edbi vi\u1ec7c \u0111\u1ea3m b\u1ea3o h\u1ec7 th\u1ed1ng \u0111i\u1ec1u h\u00f2a xe h\u01a1i c\u1ee7a b\u1ea1n ho\u1ea1t \u0111\u1ed9ng ho\u00e0n h\u1ea3o m\u1ed9t c\u00e1ch to\u00e0n di\u1ec7n, <a href=\"tel:0971270446\"><strong><span style=\"color: #0000ff; font-family: Arial, Helvetica, sans-serif;\">Doctorcar.org<\/span><\/strong><\/a>\u00a0s\u1ebd cung c\u1ea5p t\u1ea5t c\u1ea3 nh\u1eefng d\u1ecbch v\u1ee5 li\u00ean quan \u0111\u1ebfn h\u1ec7 th\u1ed1ng l\u1ea1nh \u00f4 t\u00f4 v\u1edbi nh\u1eefng h\u1ea1ng m\u1ee5c sau:<\/p>\n<ul>\n<li><strong>S\u1eeda ch\u1eefa \u0111i\u1ec7n l\u1ea1nh \u00f4 t\u00f4:<\/strong>\u00a0\u00e1p d\u1ee5ng \u0111\u1ea7y \u0111\u1ee7 c\u00e1c c\u00f4ng ngh\u1ec7 hi\u1ec7n \u0111\u1ea1i v\u00e0 m\u00e1y ch\u1ea9n \u0111o\u00e1n th\u00f4ng minh \u0111\u1ec3 s\u1eeda ch\u1eefa \u0111i\u1ec7n l\u1ea1nh \u00f4 t\u00f4, h\u1ec7 th\u1ed1ng \u0111i\u1ec7n \u0111i\u1ec1u khi\u1ec3n m\u00e1y l\u1ea1nh \u00f4 t\u00f4 m\u1ed9t c\u00e1ch t\u1ed1t nh\u1ea5t.<\/li>\n<li>\u0110\u1ea1i tu h\u1ec7 th\u1ed1ng, s\u1eeda ch\u1eefa t\u1ea5t c\u1ea3 c\u00e1c l\u1ed7i tr\u00ean \u0111i\u1ec1u h\u00f2a \u00f4 t\u00f4 d\u00f9 l\u00e0 kh\u00f3 nh\u1ea5t.<\/li>\n<li>S\u1eeda l\u1ed1c \u0111i\u1ec1u h\u00f2a \u00f4 t\u00f4, s\u1eeda d\u00e0n n\u00f3ng \u00f4 t\u00f4, s\u1eeda d\u00e0n l\u1ea1nh \u00f4 t\u00f4.<\/li>\n<li>V\u1ec7 sinh, b\u1ea3o d\u01b0\u1ee1ng \u0111i\u1ec1u h\u00f2a \u00f4 t\u00f4 \u0111\u1ecbnh k\u1ef3 (l\u00e0m v\u1ec7 sinh l\u1ecdc gi\u00f3 v\u00e0 v\u1ec7 sinh s\u00fac r\u1eeda gi\u00e0n n\u00f3ng gi\u00e0n l\u1ea1nh \u0111\u01b0\u1eddng \u1ed1ng gas l\u1ea1nh, thay gas \u0111i\u1ec1u h\u00f2a, s\u1ea1c ga l\u1ea1nh).<\/li>\n<li>M\u00e1y l\u1ea1nh \u0111\u00f3ng ng\u1eaft li\u00ean t\u1ee5c.<\/li>\n<li>Thay th\u1ebf ph\u1ee5 t\u00f9ng \u0111i\u1ec1u h\u00f2a \u00f4 t\u00f4 ch\u00ednh h\u00e3ng ch\u1ea5t l\u01b0\u1ee3ng cao.<\/li>\n<\/ul>\n<p>V\u1edbi chi ph\u00ed\u00a0<b>s\u1eeda \u0111i\u1ec1u h\u00f2a \u00f4 t\u00f4<\/b> \u0111\u1ea3m b\u1ea3o gi\u00e1 t\u1ed1t nh\u1ea5t th\u1ecb tr\u01b0\u1eddng c\u00f9ng th\u1eddi gian b\u1ea3o h\u00e0nh d\u00e0i l\u00e2u, ch\u1eafc ch\u1eafn s\u1ebd l\u00e0m qu\u00fd kh\u00e1ch h\u00e0i l\u00f2ng. N\u1ebfu b\u1ea1n \u0111ang c\u1ea7n th\u00eam t\u01b0 v\u1ea5n, c\u00f3 th\u1ec3 li\u00ean h\u1ec7 tr\u1ef1c ti\u1ebfp v\u1edbi <a href=\"tel:0971270446\"><strong><span style=\"color: #0000ff; font-family: Arial, Helvetica, sans-serif;\">Doctorcar.org<\/span><\/strong><\/a> \u0111\u1ec3 nh\u1eadn t\u01b0 v\u1ea5n v\u00e0 b\u00e1o gi\u00e1 tr\u01b0\u1edbc khi \u0111i s\u1eeda \u0111i\u1ec1u ho\u00e0 \u00f4 t\u00f4 c\u1ee7a m\u00ecnh.<\/p>\n<p><strong><span style=\"color: #0000ff; font-family: Arial, Helvetica, sans-serif;\">Doctorcar.org \u2013 S\u1eeda Ch\u1eefa Ch\u0103m S\u00f3c Xe Cao C\u1ea5p To\u00e0n Di\u1ec7n<\/span><\/strong><\/p>\n<p>L\u00e0 m\u1ed9t c\u01a1 s\u1edf \u0111i \u0111\u1ea7u trong l\u0129nh v\u1ef1c s\u1eeda ch\u1eefa \u00f4 t\u00f4 t\u1ea1i B\u00ecnh D\u01b0\u01a1ng. Ngo\u00e0i s\u1eeda \u0111i\u1ec1u h\u00f2a \u00f4 t\u00f4 chuy\u00ean s\u00e2u\u00a0<a href=\"tel:0971270446\"><strong><span style=\"color: #0000ff; font-family: Arial, Helvetica, sans-serif;\">Doctorcar.org<\/span><\/strong><\/a>\u00a0c\u00f3 \u0111\u1ea7y \u0111\u1ee7 c\u00e1c d\u1ecbch v\u1ee5 s\u1eeda ch\u1eefa, ch\u0103m s\u00f3c c\u00e1c xe h\u01a1i v\u1ec1: \u00a0g\u1ea7m &#8211; m\u00e1y &#8211; h\u1ed9p s\u1ed1 &#8211; \u0111\u1ed3ng &#8211; s\u01a1n \u00f4 t\u00f4- n\u00e2ng c\u1ea5p phi\u00ean b\u1ea3n xe.\u00a0Khi b\u1ea1n c\u1ea7n b\u1ea5t c\u1ee9 v\u1ea5n \u0111\u1ec1 g\u00ec v\u1ec1\u00a0<strong>s\u1eeda m\u00e1y l\u1ea1nh xe h\u01a1i<\/strong> ch\u0103m s\u00f3c xe h\u01a1i h\u00e3y li\u00ean h\u1ec7 ngay v\u1edbi <a href=\"tel:0971270446\"><strong><span style=\"color: #0000ff; font-family: Arial, Helvetica, sans-serif;\">Doctorcar.org<\/span><\/strong><\/a>\u00a0\u0111\u1ec3 \u0111\u01b0\u1ee3c t\u01b0 v\u1ea5n v\u00e0 h\u1ed7 tr\u1ee3 m\u1ed9t c\u00e1ch chuy\u00ean nghi\u1ec7p nh\u1ea5t b\u1edfi m\u1ed9t \u0111\u01a1n v\u1ecb s\u1eeda ch\u1eefa \u00f4 t\u00f4 uy t\u00edn b\u1eadc nh\u1ea5t B\u00ecnh D\u01b0\u01a1ng.<\/p>\n","protected":false},"excerpt":{"rendered":"<p>S\u1eeda ch\u1eefa b\u1ea3o d\u01b0\u1ee1ng \u0111i\u1ec1u h\u00f2a \u00f4 t\u00f4\u00a0l\u00e0 vi\u1ec7c t\u01b0\u1edfng ch\u1eebng r\u1ea5t \u0111\u01a1n gi\u1ea3n. M\u1ed9t ng\u01b0\u1eddi th\u1ee3 m\u1edbi v\u00e0o ngh\u1ec1 c\u0169ng c\u00f3 th\u1ec3 hi\u1ec3u nguy\u00ean l\u00fd l\u00e0m vi\u1ec7c c\u1ee7a \u0111i\u1ec1u h\u00f2a \u00f4 t\u00f4. Nh\u01b0ng \u0111\u1ec3 s\u1eeda m\u00e1y l\u1ea1nh \u00f4 t\u00f4 \u0111\u1ea1t ch\u1ea5t l\u01b0\u1ee3ng, l\u1ea1i l\u00e0 kh\u00e1i ni\u1ec7m ch\u1ec9 d\u00e0nh cho nh\u1eefng Garage, nh\u1eefng ng\u01b0\u1eddi th\u1ee3 [&#8230;]\n","protected":false},"author":1,"featured_media":0,"parent":250,"menu_order":0,"comment_status":"closed","ping_status":"closed","template":"","meta":{"om_disable_all_campaigns":false,"_monsterinsights_skip_tracking":false,"_monsterinsights_sitenote_active":false,"_monsterinsights_sitenote_note":"","_monsterinsights_sitenote_category":0,"_uf_show_specific_survey":0,"_uf_disable_surveys":false,"footnotes":""},"class_list":["post-215","page","type-page","status-publish","hentry"],"aioseo_notices":[],"_links":{"self":[{"href":"https:\/\/doctorcar.org\/index.php?rest_route=\/wp\/v2\/pages\/215","targetHints":{"allow":["GET"]}}],"collection":[{"href":"https:\/\/doctorcar.org\/index.php?rest_route=\/wp\/v2\/pages"}],"about":[{"href":"https:\/\/doctorcar.org\/index.php?rest_route=\/wp\/v2\/types\/page"}],"author":[{"embeddable":true,"href":"https:\/\/doctorcar.org\/index.php?rest_route=\/wp\/v2\/users\/1"}],"replies":[{"embeddable":true,"href":"https:\/\/doctorcar.org\/index.php?rest_route=%2Fwp%2Fv2%2Fcomments&post=215"}],"version-history":[{"count":4,"href":"https:\/\/doctorcar.org\/index.php?rest_route=\/wp\/v2\/pages\/215\/revisions"}],"predecessor-version":[{"id":343,"href":"https:\/\/doctorcar.org\/index.php?rest_route=\/wp\/v2\/pages\/215\/revisions\/343"}],"up":[{"embeddable":true,"href":"https:\/\/doctorcar.org\/index.php?rest_route=\/wp\/v2\/pages\/250"}],"wp:attachment":[{"href":"https:\/\/doctorcar.org\/index.php?rest_route=%2Fwp%2Fv2%2Fmedia&parent=215"}],"curies":[{"name":"wp","href":"https:\/\/api.w.org\/{rel}","templated":true}]}}