{"id":216,"date":"2025-05-25T01:39:21","date_gmt":"2025-05-24T18:39:21","guid":{"rendered":"https:\/\/doctorcar.org\/?page_id=216"},"modified":"2025-05-26T02:05:18","modified_gmt":"2025-05-25T19:05:18","slug":"sua-chua-hop-ecu","status":"publish","type":"page","link":"https:\/\/doctorcar.org\/?page_id=216","title":{"rendered":"S\u1eecA CH\u1eeeA ECU"},"content":{"rendered":"<p>&nbsp;<\/p>\n<h1><strong>S\u1eeda Ch\u1eefa H\u1ed9p ECU \u00d4 T\u00f4 Khu V\u1ef1c Mi\u1ec1n Nam<\/strong><\/h1>\n<p>Khi\u00a0<strong>s\u1eeda ch\u1eefa h\u1ed9p ECU \u00f4 t\u00f4<\/strong>, c\u1ea7n ph\u1ea3i c\u00f3 s\u1ef1 can thi\u1ec7p c\u1ee7a c\u00e1c h\u1ec7 th\u1ed1ng m\u00e1y m\u00f3c th\u00f4ng minh v\u00e0 hi\u1ec7n \u0111\u1ea1i. \u0110\u1ed3ng th\u1eddi, \u0111\u1ec3 s\u1eeda ecu \u00f4 t\u00f4 chu\u1ea9n x\u00e1c c\u0169ng c\u1ea5n s\u1eed d\u1ee5ng\u00a0nh\u1eefng k\u1ef9 n\u0103ng chuy\u00ean m\u00f4n\u00a0m\u00e0 kh\u00f4ng ph\u1ea3i m\u1ed9t k\u1ef9 thu\u1eadt vi\u00ean n\u00e0o c\u0169ng c\u00f3 th\u1ec3 x\u1eed l\u00fd \u0111\u01b0\u1ee3c. Vi\u1ec7c s\u1eeda ch\u1eefa h\u1ed9p ECU \u00f4 t\u00f4 c\u1ea7n \u0111\u1ed9 ch\u00ednh x\u00e1c cao, t\u1ec9 m\u1ec9 trong t\u1eebng kh\u00e2u n\u00ean b\u1ea1n c\u1ea7n ch\u1ecdn garage uy t\u00edn \u0111\u00e1ng tin c\u1eady n\u1ebfu kh\u00f4ng mu\u1ed1n b\u1ecf ra m\u1ed9t chi ph\u00ed v\u00f4 c\u00f9ng l\u1edbn \u0111\u1ec3 mua h\u1ed9p ECU m\u1edbi<\/p>\n<p>V\u00ec v\u1eady hi\u1ec7n nay, nhi\u1ec1u\u00a0ch\u1ee7 xe \u00f4 t\u00f4 cao c\u1ea5p c\u0169ng \u0111ang t\u00ecm ki\u1ebfm cho m\u00ecnh m\u1ed9t\u00a0<strong>garage, x\u01b0\u1edfng d\u1ecbch v\u1ee5 s\u1eeda ch\u1eefa h\u1ed9p ECU \u00f4 t\u00f4<\/strong>\u00a0c\u00f3 th\u1ec3 cung c\u1ea5p c\u00e1c d\u1ecbch v\u1ee5 li\u00ean quan \u0111\u1ebfn s\u1eeda ch\u1eefa ecu \u00f4 t\u00f4 m\u1ed9t c\u00e1ch chuy\u00ean s\u00e2u. M\u1ee5c \u0111\u00edch \u0111\u1ec3 c\u00f3 th\u1ec3 s\u1eeda h\u1ed9p \u0111en \u00f4 t\u00f4, kh\u1eafc ph\u1ee5c l\u1ed7i trong c\u00e1c h\u1ed9p \u0111i\u1ec1u khi\u1ec3n c\u1ee7a h\u1ec7 th\u1ed1ng th\u00f4ng minh tr\u00ean xe h\u01a1i m\u1ed9t c\u00e1ch nhanh ch\u00f3ng, tri\u1ec7t \u0111\u1ec3, m\u00e0 l\u1ea1i ti\u1ebft ki\u1ec7m chi ph\u00ed s\u1eeda ch\u1eefa ECU t\u1ed1i \u0111a.<\/p>\n<p><img decoding=\"async\" src=\"https:\/\/anphatauto.vn\/upload\/elfinder\/sua-chua-hop-ecu-o-to\/trung-tam-sua-chua-hop-ECU-o-to-an-phat-auto.jpeg\" alt=\"Trung t\u00e2m s\u1eeda ch\u1eefa h\u1ed9p ECU \u00f4 t\u00f4 - An Ph\u00e1t Auto\" \/><\/p>\n<h2><strong><span style=\"color: #0000ff; font-family: Arial, Helvetica, sans-serif;\">\u00a0Trung t\u00e2m s\u1eeda ch\u1eefa h\u1ed9p ECU \u00f4 t\u00f4 chuy\u00ean nghi\u1ec7p<\/span><\/strong><\/h2>\n<p>Ra \u0111\u1eddi \u0111\u1ec3 gi\u1ea3i quy\u1ebft c\u00e1c kh\u00f3 kh\u0103n tr\u00ean c\u1ee7a c\u00e1c ch\u1ee7 garage v\u00e0 c\u00e1c ch\u1ee7 xe, <strong>DOCTORCAR.ORG<\/strong>\u00a0t\u1ef1 h\u00e0o l\u00e0 trung t\u00e2m \u0111i \u0111\u1ea7u trong c\u00e1c gi\u1ea3i ph\u00e1p v\u1ec1\u00a0<strong>s\u1eeda ch\u1eefa h\u1ed9p ECU \u00f4 t\u00f4<\/strong>\u00a0\u0111\u1eddi m\u1edbi. Trong \u0111\u00f3, ch\u00fang t\u00f4i cung c\u1ea5p nh\u1eefng d\u1ecbch v\u1ee5 v\u1ec1 s\u1eeda h\u1ed9p ecu B\u00ecnh D\u01b0\u01a1ng nh\u01b0 sau:<\/p>\n<ul>\n<li>Ki\u1ec3m tra, ch\u1ea9n \u0111o\u00e1n v\u00e0 s\u1eeda h\u1ed9p \u0111en \u00f4 t\u00f4, \u0111i\u1ec1u khi\u1ec3n \u00f4 t\u00f4 ECU, s\u1eeda ch\u1eefa h\u1ed9p \u0111en \u00f4 t\u00f4<\/li>\n<li>Th\u1ef1c hi\u1ec7n l\u1eadp tr\u00ecnh, c\u00e0i \u0111\u1eb7t, Re-new, kh\u00f4i ph\u1ee5c d\u1eef li\u1ec7u h\u1ed9p \u0111i\u1ec1u khi\u1ec3n ECU.<\/li>\n<li>N\u00e2ng c\u1ea5p c\u00e1c ph\u1ea7n m\u1ec1m tr\u00ean h\u1ed9p \u0111i\u1ec1u khi\u1ec3n ECU theo \u0111\u00fang ti\u00eau chu\u1ea9n.<\/li>\n<li>C\u00e0i \u0111\u1eb7t, n\u00e2ng c\u1ea5p c\u00e1c option m\u1edf r\u1ed9ng tr\u00ean h\u1ec7 th\u1ed1ng \u0111i\u1ec1u khi\u1ec3n ECU.<\/li>\n<li>Cung c\u1ea5p h\u1ed9p ECU \u00f4 t\u00f4 m\u1edbi.<\/li>\n<li>\u0110\u1ed5i c\u0169 l\u1ea5y m\u1edbi h\u1ed9p ECU, b\u1ea3o h\u00e0nh d\u00e0i l\u00e2u.<\/li>\n<li>Can thi\u1ec7p s\u1eeda ch\u1eefa ecu \u00f4 t\u00f4 tr\u00ean t\u1ea5t c\u1ea3 c\u00e1c d\u00f2ng xe h\u01a1i \u0111\u1eddi m\u1edbi Ch\u00e2u \u00a0u, Ch\u00e2u \u00c1, Ch\u00e2u M\u1ef9\u2026<\/li>\n<\/ul>\n<p><img decoding=\"async\" src=\"https:\/\/anphatauto.vn\/upload\/elfinder\/sua-chua-hop-ecu-o-to\/sua-hop-ecu-oto-an-phat-auto.jpeg\" alt=\"S\u1eeda ch\u1eefa h\u1ed9p \u0111en \u00f4 t\u00f4 - An Ph\u00e1t Auto\" \/><\/p>\n<p>N\u1ebfu b\u1ea1n \u0111ang l\u00e0m vi\u1ec7c t\u1ea1i c\u00e1c\u00a0<b>garage s\u1eeda ch\u1eefa \u00f4 t\u00f4<\/b>\u00a0\u0111\u1eddi m\u1edbi, c\u1ea7n t\u00ecm ki\u1ebfm trung t\u00e2m chuy\u00ean s\u1eeda ch\u1eefa h\u1ed9p ECU \u00f4 t\u00f4 chuy\u00ean s\u00e2u. Hay l\u00e0 nh\u1eefng ch\u1ee7 xe \u0111ang g\u1eb7p ph\u1ea3i v\u1ea5n \u0111\u1ec1 nan gi\u1ea3i v\u1ec1\u00a0<strong>s\u1eeda ecu \u00f4 t\u00f4, mua b\u00e1n c\u00e1c ECU \u00f4 t\u00f4 m\u1edbi<\/strong>, ho\u1eb7c mu\u1ed1n \u0111\u1ed5i m\u1edbi \u1edf nh\u1eefng garage c\u00f3 h\u1ed7 tr\u1ee3 k\u1ef9 thu\u1eadt v\u00e0 b\u1ea3o h\u00e0nh d\u00e0i l\u00e2u sau b\u00e1n h\u00e0ng, th\u00ec <strong>DOCTORCAR.ORG<\/strong>\u00a0ch\u00ednh l\u00e0 n\u01a1i b\u1ea1n c\u1ea7n t\u00ecm.<\/p>\n<p>Grage \u00d4 T\u00d4 V\u0103n Hi\u1ec1n t\u1ef1 h\u00e0o l\u00e0 m\u1ed9t trong nh\u1eefng trung t\u00e2m\u00a0<strong>s\u1eeda ch\u1eefa h\u1ed9p ECU \u00f4 t\u00f4<\/strong> h\u00e0ng \u0111\u1ea7u Vi\u1ec7t Nam c\u0169ng nh\u01b0 trung t\u00e2m s\u1eeda h\u1ed9p ecu B\u00ecnh D\u01b0\u01a1ng uy t\u00edn. Ch\u00fang t\u00f4i chuy\u00ean cung c\u1ea5p c\u00e1c d\u1ecbch v\u1ee5 s\u1eeda ch\u1eefa h\u1ed9p \u0111en \u00f4 t\u00f4 ch\u1ea5t l\u01b0\u1ee3ng cao, kh\u00f4i ph\u1ee5c ho\u1eb7c \u0111\u1ed5i m\u1edbi h\u1ed9p ECU, v\u1edbi gi\u00e1 c\u1ea3 c\u1ef1c r\u1ebb, m\u00e0 l\u1ea1i \u0111\u01b0\u1ee3c b\u1ea3o h\u00e0nh d\u00e0i l\u00e2u. H\u00e3y \u0111\u1ebfn ngay <strong>DOCTORCAR.ORG<\/strong>\u00a0trung t\u00e2m chuy\u00ean s\u1eeda ch\u1eefa h\u1ed9p ECU \u00f4 t\u00f4 cao c\u1ea5p.<\/p>\n<p><strong><span style=\"color: #0000ff; font-family: Arial, Helvetica, sans-serif;\">L\u1ee3i \u00edch khi s\u1eed d\u1ee5ng d\u1ecbch v\u1ee5 s\u1eeda ch\u1eefa h\u1ed9p ECU \u00f4 t\u00f4 t\u1ea1i DOCTORCAR.ORG<\/span><\/strong><\/p>\n<ul>\n<li>M\u1ecdi quy tr\u00ecnh s\u1eeda ch\u1eefa ecu \u00f4 t\u00f4 \u0111\u1ec1u \u0111\u01b0\u1ee3c th\u1ef1c hi\u1ec7n tr\u00ean c\u00e1c m\u00e1y m\u00f3c hi\u1ec7n \u0111\u1ea1i nh\u1ea5t.<\/li>\n<li>K\u1ef9 thu\u1eadt vi\u00ean l\u00e0 nh\u1eefng chuy\u00ean gia gi\u1ecfi nh\u1ea5t trong l\u0129nh v\u1ef1c s\u1eeda ch\u1eefa v\u00e0 b\u1ea3o h\u00e0nh ECU c\u1ee7a Vi\u1ec7t Nam.<\/li>\n<li>Cung c\u1ea5p c\u00e1c s\u1ea3n ph\u1ea9m m\u1edbi v\u1edbi gi\u00e1 g\u1ed1c, h\u1ed7 tr\u1ee3 k\u1ef9 thu\u1eadt t\u1eadn t\u00ecnh v\u00e0 th\u1eddi gian b\u1ea3o h\u00e0nh d\u00e0i l\u00e2u.<\/li>\n<li>C\u00e1c b\u1ea1n c\u00f3 th\u1ec3 \u0111\u1ed5i h\u1ed9p ECU c\u0169 \u0111\u1ec3 thay th\u1ebf h\u1ed9p ECU m\u1edbi v\u1edbi gi\u00e1 c\u1ef1c k\u1ef3 h\u1ea5p d\u1eabn.<\/li>\n<li>L\u00e0 trung t\u00e2m s\u1eeda ch\u1eefa h\u1ed9p \u0111en \u00f4 t\u00f4 chuy\u00ean s\u00e2u nh\u1ea5t, c\u00f3 th\u1ec3 s\u1eeda ch\u1eefa h\u1ed9p ECU \u00f4 t\u00f4 tr\u00ean t\u1ea5t c\u1ea3 c\u00e1c d\u00f2ng xe sang tr\u1ecdng b\u1eadc nh\u1ea5t hi\u1ec7n nay nh\u01b0 c\u1ee7a \u0110\u1ee9c, Anh, \u00dd, M\u1ef9\u2026 cho \u0111\u1ebfn c\u00e1c d\u00f2ng xe ch\u00e2u \u00c1.<\/li>\n<li>\u0110\u01b0\u1ee3c t\u01b0 v\u1ea5n k\u1ef9 c\u00e0ng v\u00e0 \u0111\u1ea7y \u0111\u1ee7 nh\u1ea5t \u0111\u1ec3 c\u00e1c b\u1ea1n hi\u1ec3u r\u00f5 v\u1ec1 c\u00e1c quy tr\u00ecnh s\u1eeda ECU \u00f4 t\u00f4 c\u1ee7a <strong>DOCTORCAR.ORG<\/strong>.<\/li>\n<\/ul>\n<p>L\u00e0 m\u1ed9t c\u01a1 s\u1edf \u0111i \u0111\u1ea7u trong l\u0129nh v\u1ef1c s\u1eeda ch\u1eefa \u00f4 t\u00f4 t\u1ea1i B\u00ecnh D\u01b0\u01a1ng. Ngo\u00e0i\u00a0s\u1eeda ch\u1eefa h\u1ed9p ECU\u00a0\u00f4 t\u00f4\u00a0chuy\u00ean s\u00e2u\u00a0<strong>DOCTORCAR.ORG<\/strong>\u00a0c\u00f3 \u0111\u1ea7y \u0111\u1ee7 c\u00e1c d\u1ecbch v\u1ee5\u00a0s\u1eeda\u00a0h\u1ed9p \u0111en \u00f4 t\u00f4, s\u1eeda \u0111i\u1ec7n \u00f4 t\u00f4 chuy\u00ean s\u00e2u, s\u1eeda ch\u1eefa\u00a0\u0111\u1ea1i tu \u0111\u1ed9ng c\u01a1 \u00f4 t\u00f4, s\u1eeda h\u1ed9p s\u1ed1 t\u1ef1 \u0111\u1ed9ng, s\u1eeda h\u1ec7\u00a0th\u1ed1ng l\u1ea1nh \u00f4 t\u00f4, s\u1eeda g\u1ea7m \u00f4 t\u00f4, \u0111\u1ed3ng s\u01a1n \u00f4 t\u00f4 cao c\u1ea5p, ph\u1ee7 ceramic \u00f4 t\u00f4&#8230;<\/p>\n<p>Khi b\u1ea1n c\u1ea7n b\u1ea5t c\u1ee9 v\u1ea5n \u0111\u1ec1 g\u00ec v\u1ec1\u00a0<strong>s\u1eeda ch\u1eefa h\u1ed9p ECU \u00f4 t\u00f4 c\u0169ng nh\u01b0 l\u00e0 s\u1eeda ch\u1eefa\u00a0ch\u0103m s\u00f3c\u00a0xe h\u01a1i<\/strong> h\u00e3y li\u00ean h\u1ec7 ngay v\u1edbi <strong>DOCTORCAR.ORG<\/strong> \u0111\u1ec3 \u0111\u01b0\u1ee3c t\u01b0 v\u1ea5n v\u00e0 h\u1ed7 tr\u1ee3 m\u1ed9t c\u00e1ch chuy\u00ean nghi\u1ec7p nh\u1ea5t b\u1edfi m\u1ed9t \u0111\u01a1n v\u1ecb s\u1eeda ch\u1eefa \u00f4 t\u00f4 uy t\u00edn b\u1eadc nh\u1ea5t B\u00ecnh D\u01b0\u01a1ng<\/p>\n<p class=\"lead\">.<\/p>\n","protected":false},"excerpt":{"rendered":"<p>&nbsp; S\u1eeda Ch\u1eefa H\u1ed9p ECU \u00d4 T\u00f4 Khu V\u1ef1c Mi\u1ec1n Nam Khi\u00a0s\u1eeda ch\u1eefa h\u1ed9p ECU \u00f4 t\u00f4, c\u1ea7n ph\u1ea3i c\u00f3 s\u1ef1 can thi\u1ec7p c\u1ee7a c\u00e1c h\u1ec7 th\u1ed1ng m\u00e1y m\u00f3c th\u00f4ng minh v\u00e0 hi\u1ec7n \u0111\u1ea1i. \u0110\u1ed3ng th\u1eddi, \u0111\u1ec3 s\u1eeda ecu \u00f4 t\u00f4 chu\u1ea9n x\u00e1c c\u0169ng c\u1ea5n s\u1eed d\u1ee5ng\u00a0nh\u1eefng k\u1ef9 n\u0103ng chuy\u00ean m\u00f4n\u00a0m\u00e0 kh\u00f4ng ph\u1ea3i m\u1ed9t k\u1ef9 [&#8230;]\n","protected":false},"author":1,"featured_media":0,"parent":250,"menu_order":0,"comment_status":"closed","ping_status":"closed","template":"","meta":{"om_disable_all_campaigns":false,"_monsterinsights_skip_tracking":false,"_monsterinsights_sitenote_active":false,"_monsterinsights_sitenote_note":"","_monsterinsights_sitenote_category":0,"_uf_show_specific_survey":0,"_uf_disable_surveys":false,"footnotes":""},"class_list":["post-216","page","type-page","status-publish","hentry"],"aioseo_notices":[],"_links":{"self":[{"href":"https:\/\/doctorcar.org\/index.php?rest_route=\/wp\/v2\/pages\/216","targetHints":{"allow":["GET"]}}],"collection":[{"href":"https:\/\/doctorcar.org\/index.php?rest_route=\/wp\/v2\/pages"}],"about":[{"href":"https:\/\/doctorcar.org\/index.php?rest_route=\/wp\/v2\/types\/page"}],"author":[{"embeddable":true,"href":"https:\/\/doctorcar.org\/index.php?rest_route=\/wp\/v2\/users\/1"}],"replies":[{"embeddable":true,"href":"https:\/\/doctorcar.org\/index.php?rest_route=%2Fwp%2Fv2%2Fcomments&post=216"}],"version-history":[{"count":6,"href":"https:\/\/doctorcar.org\/index.php?rest_route=\/wp\/v2\/pages\/216\/revisions"}],"predecessor-version":[{"id":367,"href":"https:\/\/doctorcar.org\/index.php?rest_route=\/wp\/v2\/pages\/216\/revisions\/367"}],"up":[{"embeddable":true,"href":"https:\/\/doctorcar.org\/index.php?rest_route=\/wp\/v2\/pages\/250"}],"wp:attachment":[{"href":"https:\/\/doctorcar.org\/index.php?rest_route=%2Fwp%2Fv2%2Fmedia&parent=216"}],"curies":[{"name":"wp","href":"https:\/\/api.w.org\/{rel}","templated":true}]}}