{"id":226,"date":"2025-05-25T01:42:23","date_gmt":"2025-05-24T18:42:23","guid":{"rendered":"https:\/\/doctorcar.org\/?page_id=226"},"modified":"2025-05-25T03:04:00","modified_gmt":"2025-05-24T20:04:00","slug":"he-thong-khung-gam","status":"publish","type":"page","link":"https:\/\/doctorcar.org\/?page_id=226","title":{"rendered":"H\u1ec6 TH\u1ed0NG KHUNG G\u1ea6M"},"content":{"rendered":"<p><b>H\u1ec7 th\u1ed1ng g\u1ea7m xe \u00f4 t\u00f4<\/b>\u00a0l\u00e0 m\u1ed9t trong nh\u1eefng b\u1ed9 ph\u1eadn quan tr\u1ecdng nh\u1ea5t gi\u00fap \u0111\u1ea3m b\u1ea3o s\u1ef1 di chuy\u1ec3n \u00eam \u00e1i, \u1ed5n \u0111\u1ecbnh c\u1ee7a xe. \u0110\u00e2y l\u00e0 b\u1ed9 ph\u1eadn li\u00ean quan tr\u1ef1c ti\u1ebfp \u0111\u1ebfn h\u1ec7 th\u1ed1ng l\u00e1i trong m\u1ed9t s\u1ed1 tr\u01b0\u1eddng h\u1ee3p, quy\u1ebft \u0111\u1ecbnh s\u1ef1 an to\u00e0n khi s\u1eed d\u1ee5ng xe. Vi\u1ec7c s\u1eeda ch\u1eefa g\u1ea7m xe \u00f4 t\u00f4, ph\u1ee5c h\u1ed3i v\u00e0 thay th\u1ebf c\u00e1c b\u1ed9 ph\u1eadn \u1edf g\u1ea7m xe y\u00eau c\u1ea7u th\u1ee3 s\u1eeda ch\u1eefa c\u00f3\u00a0k\u1ef9 n\u0103ng cao\u00a0v\u00e0 kinh nghi\u1ec7m d\u00e0y d\u1ea1n, \u0111\u1ec3 c\u00f3 th\u1ec3 l\u1eafp \u0111\u1eb7t, c\u0103n ch\u1ec9nh m\u1ed9t c\u00e1ch ch\u00ednh x\u00e1c, tr\u00e1nh nh\u1eefng t\u00ecnh tr\u1ea1ng h\u01b0 h\u1ecfng l\u1ea1i, d\u00f9 cho \u0111\u00e3 thay m\u1edbi.<\/p>\n<p>N\u1ebfu xe b\u1ea1n g\u1eb7p v\u1ea5n \u0111\u1ec1 v\u1ec1 h\u1ec7 th\u1ed1ng g\u1ea7m, c\u1ea7n s\u1eeda ch\u1eefa g\u1ea7m xe \u00f4 t\u00f4. Th\u00ec vi\u1ec7c ph\u00f3 th\u00e1c chi\u1ebfc xe\u00a0cho m\u1ed9t trung t\u00e2m s\u1eeda ch\u1eefa xe h\u01a1i\u00a0uy t\u00edn l\u00e0 \u0111i\u1ec1u c\u1ea7n ph\u1ea3i l\u01b0u t\u00e2m \u0111\u1eb7c bi\u1ec7t. \u1ede b\u00e0i vi\u1ebft n\u00e0y, ch\u00fang t\u00f4i s\u1ebd ch\u1ec9 ra d\u1ea5u hi\u1ec7u h\u1ec7 th\u1ed1ng g\u1ea7m xe \u00f4 t\u00f4 g\u1eb7p v\u1ea5n \u0111\u1ec1. V\u00e0 gi\u1edbi thi\u1ec7u \u0111\u1ebfn b\u1ea1n \u0111\u1ecba ch\u1ec9 s\u1eeda ch\u1eefa g\u1ea7m xe oto uy t\u00edn\u00a0nh\u1ea5t \u00a0B\u00ecnh D\u01b0\u01a1ng,\u00a0<strong>Grage \u00d4 T\u00d4 V\u0103n Hi\u1ec1n &#8211; Garage Chuy\u00ean S\u1eeda Ch\u1eefa G\u1ea7m Xe \u00d4 T\u00f4 Xe H\u01a1i T\u1ea1i B\u00ecnh D\u01b0\u01a1ng Uy T\u00edn<\/strong>.<\/p>\n<h2><strong><span style=\"color: #0000ff; font-family: Arial, Helvetica, sans-serif;\">1. C\u1ea5u T\u1ea1o H\u1ec7 Th\u1ed1ng G\u1ea7m \u00d4 T\u00f4 &#8211; Xe H\u01a1i<\/span><\/strong><\/h2>\n<p>\u00a0<\/p>\n<p><img decoding=\"async\" src=\"https:\/\/anphatauto.vn\/upload\/elfinder\/sua-chua-gam-xe-o-to\/sua-chua-gam-may-o-to.jpeg\" alt=\"S\u1eeda ch\u1eefa g\u1ea7m m\u00e1y \u00d4 t\u00f4 t\u1ea1i An Ph\u00e1t Auto\" \/><\/p>\n<p><em>S\u1eeda ch\u1eefa g\u1ea7m m\u00e1y \u00d4 t\u00f4 t\u1ea1i Grage \u00d4 T\u00d4 V\u0103n Hi\u1ec1n<\/em><\/p>\n<h3><b>H\u1ec7 th\u1ed1ng g\u1ea7m \u00f4 t\u00f4, xe h\u01a1i bao g\u1ed3m<\/b><\/h3>\n<ul>\n<li>Khung xe, tr\u1ee5c c\u00e1c \u0111\u0103ng truy\u1ec1n l\u1ef1c, b\u1ed9 vi sai,\u00a0c\u1ea7u xe truy\u1ec1n momen c\u1ee7a \u0111\u1ed9ng c\u01a1 t\u1edbi 4 b\u00e1nh xe.<\/li>\n<li>H\u1ec7 th\u1ed1ng treo bao g\u1ed3m c\u00e1c c\u1ee5m rotin l\u00e1i, rotin tr\u1ee5, rotin gi\u1eb1ng th\u0103ng b\u1eb1ng, c\u00e0ng A, phu\u1ed9c nh\u00fan, l\u00f2 xo gi\u1ea3m s\u00f3c&#8230;<\/li>\n<li>H\u1ec7 th\u1ed1ng cao su gi\u1ea3m ch\u1ea5n bao g\u1ed3m: Cao su ch\u00e2n m\u00e1y, cao su ch\u00e2n h\u1ed9p s\u1ed1, cao su c\u00e0ng A, cao su C,&#8230;<\/li>\n<li>Th\u01b0\u1edbc l\u00e1i cho ph\u00e9p \u0111i\u1ec1u khi\u1ec3n chuy\u1ec3n \u0111\u1ed9ng v\u00e0 c\u1ea3m gi\u00e1c l\u00e1i \u00eam \u00e1i.<\/li>\n<li>H\u1ec7 th\u1ed1ng \u1ed1ng x\u1ea3,\u2026<\/li>\n<li>H\u1ec7 th\u1ed1ng phanh: Bi mo r\u01a1, heo th\u1eafng, b\u1ed1 th\u1eafng,&#8230;<\/li>\n<\/ul>\n<h2><strong><span style=\"color: #0000ff; font-family: Arial, Helvetica, sans-serif;\">2. S\u1eeda G\u1ea7m \u00d4 T\u00f4 K\u1ecbp Th\u1eddi Khi X\u1ea3y Ra H\u01b0 H\u1ecfng Quan Tr\u1ecdng Nh\u01b0 Th\u1ebf N\u00e0o?<\/span><\/strong><\/h2>\n<p>H\u1ec7 th\u1ed1ng khung g\u1ea7m \u00f4 t\u00f4 g\u00f3p ph\u1ea7n quan tr\u1ecdng trong vi\u1ec7c n\u00e2ng \u0111\u1ee1 to\u00e0n b\u1ed9 tr\u1ecdng t\u1ea3i xe, t\u1ea1o ra k\u1ebft c\u1ea5u ch\u1eafc ch\u1eafn v\u00e0 an to\u00e0n. \u0110\u1ea3m b\u1ea3o t\u00ednh \u1ed5n \u0111\u1ecbnh, \u00eam \u00e1i khi xe di chuy\u1ec3n tr\u00ean m\u1ecdi \u0111\u1ecba h\u00ecnh. G\u1ea7m xe \u00f4 t\u00f4 l\u00e0 n\u01a1i t\u1eadp trung r\u1ea5t nhi\u1ec1u b\u1ed9 ph\u1eadn then ch\u1ed1t gi\u00fap chi\u1ebfc xe v\u1eadn h\u00e0nh \u1ed5n \u0111\u1ecbnh. V\u00e0 t\u00e1c \u0111\u1ed9ng gi\u00e1n ti\u1ebfp v\u00e0 tr\u1ef1c ti\u1ebfp trong t\u1eebng tr\u01b0\u1eddng h\u1ee3p l\u00ean h\u1ec7 th\u1ed1ng l\u00e1i v\u00e0 h\u1ec7 th\u1ed1ng phanh c\u1ee7a xe. Quy\u1ebft \u0111\u1ecbnh t\u00ednh an to\u00e0n khi l\u00e1i xe. V\u1eady n\u00ean, n\u1ebfu b\u1ed9 ph\u1eadn n\u00e0y g\u1eb7p v\u1ea5n \u0111\u1ec1 g\u00ec b\u1ea1n c\u1ea7n ph\u1ea3i ki\u1ec3m tra v\u00e0 \u0111\u01b0a ra bi\u1ec7n ph\u00e1p s\u1eeda ch\u1eefa g\u1ea7m oto k\u1ecbp th\u1eddi.<\/p>\n<h2><strong><span style=\"font-family: Arial, Helvetica, sans-serif;\">3. Nh\u1eefng D\u1ea5u Hi\u1ec7u Cho Th\u1ea5y B\u1ea1n\u00a0C\u1ea7n Ph\u1ea3i S\u1eeda Ch\u1eefa G\u1ea7m Xe \u00d4 T\u00f4<\/span><\/strong><\/h2>\n<p>G\u1ea7m l\u00e0 b\u1ed9 ph\u1eadn th\u1ea5p nh\u1ea5t c\u1ee7a xe \u00f4 t\u00f4 ph\u1ea3i ch\u1ecbu tr\u1ef1c ti\u1ebfp nhi\u1ec1u t\u00e1c \u0111\u1ed9ng b\u00ean ngo\u00e0i t\u1eeb vi\u1ec7c di chuy\u1ec3n qua nhi\u1ec1u \u0111i\u1ec1u ki\u1ec7n th\u1eddi ti\u1ebft v\u00e0 \u0111\u1ecba h\u00ecnh. Th\u01b0\u1eddng xuy\u00ean ch\u1ecbu s\u1ef1 t\u00e1c \u0111\u1ed9ng b\u1edfi s\u1ecfi \u0111\u00e1, \u0111\u1ea5t c\u00e1t. b\u00f9n \u0111\u1ea5t, \u0111\u01b0\u1eddng nh\u1ef1a\u2026 c\u00f9ng c\u00e1c nh\u00e2n t\u1ed1 g\u00e2y h\u1ea1i kh\u00e1c.<\/p>\n<p>Sau m\u1ed9t qu\u00e1 tr\u00ecnh s\u1eed d\u1ee5ng l\u00e2u d\u00e0i d\u1eabn \u0111\u1ebfn\u00a0g\u1ea7m \u00f4 t\u00f4\u00a0b\u1ecb g\u1ec9 s\u00e9t, b\u1ecb oxi h\u00f3a c\u00e1c c\u1ea5u tr\u00fac b\u00ean trong. H\u1ec7 th\u1ed1ng treo v\u00e0 h\u1ec7 th\u1ed1ng cao su gi\u1ea3m ch\u1ea5n \u0111\u1ee9t nh\u00e3o d\u1eabn \u0111\u1ebfn kh\u00f4ng c\u00f2n \u0111\u1ea3m b\u1ea3o t\u00ednh \u00eam \u00e1i, an to\u00e0n cho xe khi v\u1eadn h\u00e0nh. Khi xe c\u00f3 c\u00e1c d\u1ea5u hi\u1ec7u sau b\u1ea1n c\u1ea7n ph\u1ea3i t\u00ecm \u0111\u1ebfn c\u00e1c \u0111\u1ecba ch\u1ec9 s\u1eeda ch\u1eefa g\u1ea7m xe \u00f4 t\u00f4 uy t\u00edn ngay:<\/p>\n<ul>\n<li>Xe khi v\u1eadn h\u00e0nh c\u00f3 ti\u1ebfng k\u00eau l\u1ea1, rung l\u1eafc, chao \u0111\u1ea3o, s\u00f3c h\u01a1n b\u00ecnh th\u01b0\u1eddng, \u0111\u1eb7c bi\u1ec7t khi \u0111i v\u00e0o nh\u1eefng cung \u0111\u01b0\u1eddng g\u1ed3 gh\u1ec1.\u00a0Nguy\u00ean nh\u00e2n \u1edf \u0111\u00e2y c\u00f3 th\u1ec3 l\u00e0 do c\u00e1c b\u1ea1c l\u00f3t v\u00e0 rotuyn b\u1ecb h\u1ecfng.<\/li>\n<li>Tay l\u00e1i c\u00f3 hi\u1ec7n t\u01b0\u1ee3ng r\u01a1 gi\u00e3o, kh\u00f4ng ch\u1eafc ch\u1eafn, chao tay l\u00e1i. N\u1eb7ng v\u00f4 l\u0103ng khi \u0111i\u1ec1u khi\u1ec3n, \u0111\u00e2m x\u00eca l\u00e1i.<\/li>\n<li>B\u1ecb m\u1ea5t phanh ho\u1eb7c xe b\u1ecb l\u1ec7ch sang m\u1ed9t b\u00ean khi phanh, t\u00ecnh tr\u1ea1ng n\u00e0y c\u00f3 th\u1ec3 l\u00e0 do l\u1ef1c phanh t\u00e1c \u0111\u1ed9ng l\u00ean h\u1ec7 th\u1ed1ng b\u00e1nh xe kh\u00f4ng \u0111\u1ec1u.<\/li>\n<li>H\u1ec7 th\u1ed1ng x\u1ea3 kh\u00ed ph\u00e1t ra nh\u1eefng \u00e2m thanh l\u1ea1 v\u00e0 xu\u1ea5t hi\u1ec7n s\u1ef1 r\u00f2 r\u1ec9 kh\u00ed th\u1ea3i d\u01b0\u1edbi n\u0103m capo. Nguy\u00ean nh\u00e2n \u1edf \u0111\u00e2y c\u00f3 th\u1ec3 l\u00e0 do ron c\u00e1ch \u00e2m b\u1ecb l\u1ecfng ho\u1eb7c bu l\u00f4ng b\u1ecb bung.<\/li>\n<li>Nh\u1edbt r\u00f2 r\u1ec9 b\u00e1m v\u00e0o khoang m\u00e1y, c\u00f3 dung d\u1ecbch l\u1ea1 ho\u1eb7c nh\u1edbt r\u00f2 r\u1ec9 d\u01b0\u1edbi g\u1ea7m xe. Nguy\u00ean nh\u00e2n c\u00f3 th\u1ec3 do h\u1edf roong ph\u1edbt b\u1ed9 ph\u1eadn g\u1ea7m m\u00e1y, h\u1edf \u1ed7ng d\u1eabn n\u01b0\u1edbc m\u00e1t, k\u00e9t n\u01b0\u1edbc.<\/li>\n<\/ul>\n<h2><strong>4. L\u01b0u \u00dd Khi S\u1eeda Ch\u1eefa G\u1ea7m Xe \u00d4 T\u00f4<\/strong><\/h2>\n<p>\u00a0<\/p>\n<p><img decoding=\"async\" src=\"https:\/\/anphatauto.vn\/upload\/elfinder\/gam%20may\/sua-gam-xe-hoi-an-phat-auto2.jpg\" alt=\"S\u1eeda ch\u1eefa g\u1ea7m m\u00e1y xe h\u01a1i chuy\u00ean nghi\u1ec7p TP HCM\" \/><\/p>\n<p><em>S\u1eeda ch\u1eefa g\u1ea7m m\u00e1y xe h\u01a1i chuy\u00ean nghi\u1ec7p B\u00ecnh D\u01b0\u01a1ng<\/em><\/p>\n<p>H\u1ec7 th\u1ed1ng g\u1ea7m treo c\u00f3 t\u00ednh ch\u1ea5t c\u00e2n b\u1eb1ng v\u00e0 \u0111\u1ed1i x\u1ee9ng, n\u1ebfu m\u1ed9t b\u00ean h\u01b0 h\u1ecfng kh\u00f4ng \u0111\u01b0\u1ee3c s\u1eeda ch\u1eefa k\u1ecbp th\u1eddi s\u1ebd g\u00e2y h\u01b0 h\u1ea1i n\u1eb7ng cho b\u00ean c\u00f2n l\u1ea1i. C\u00e1c chi ti\u1ebft ph\u1ee5 t\u00f9ng c\u00f3 y\u1ebfu t\u1ed1 b\u1ed5 tr\u1ee3 v\u00e0 gi\u00e0n \u0111\u1ec1u l\u1ef1c cho nhau theo thi\u1ebft k\u1ebf khi s\u1ea3n xu\u1ea5t.<\/p>\n<p>N\u00ean khi m\u1ed9t chi ti\u1ebft n\u00e0o c\u1ee7a h\u1ec7 th\u1ed1ng g\u1ea7m h\u01b0 h\u1ecfng s\u1ebd khi\u1ebfn c\u00e1c chi ti\u1ebft ph\u1ee5 t\u00f9ng kh\u00e1c ch\u1ecbu l\u1ef1c ch\u1ea5n qu\u00e1 t\u1ea3i, g\u00e2y h\u01b0 h\u1ecfng d\u00e2y chuy\u1ec1n n\u1ebfu kh\u00f4ng \u0111\u01b0\u1ee3c ph\u00e1t hi\u1ec7n s\u1eeda ch\u1eefa k\u1ecbp th\u1eddi.<\/p>\n<p>Tuy nhi\u00ean vi\u1ec7c\u00a0<strong>s\u1eeda ch\u1eefa khung g\u1ea7m \u00f4 t\u00f4<\/strong>\u00a0kh\u00f4ng \u0111\u01a1n thu\u1ea7n ch\u1ec9 l\u00e0 thay th\u1ebf ph\u1ee5 t\u00f9ng. Ng\u01b0\u1eddi th\u1ee3 s\u1eeda ch\u1eefa c\u1ea7n c\u00f3 k\u0129 thu\u1eadt t\u1ed1t, c\u00f3 kinh nghi\u1ec7m \u0111\u1ec3 x\u00e1c \u0111\u1ecbnh chi ti\u1ebft ph\u1ee5 t\u00f9ng n\u00e0o \u0111ang h\u01b0 h\u1ecfng, khi s\u1eeda ch\u1eefa thay th\u1ebf ph\u1ee5 t\u00f9ng c\u1ea7n c\u0103n ch\u1ec9nh ch\u00ednh x\u00e1c t\u1ec9 m\u1ec9. V\u00e0 \u0111i\u1ec1u kh\u00f4ng th\u1ec3 thi\u1ebfu l\u00e0 t\u00e2m \u0111\u1ee9c v\u1edbi ngh\u1ec1 v\u1edbi kh\u00e1ch h\u00e0ng.<\/p>\n<p>\u00a0<\/p>\n<p><img decoding=\"async\" src=\"https:\/\/anphatauto.vn\/upload\/elfinder\/sua-chua-gam-xe-o-to\/sua-chua-khung-gam-o-to-chuyen-nghiep.jpeg\" alt=\"S\u1eeda ch\u1eefa khung g\u1ea7m \u00f4 t\u00f4 chuy\u00ean nghi\u1ec7p TP HCM\" \/><\/p>\n<p><em>S\u1eeda ch\u1eefa khung g\u1ea7m \u00f4 t\u00f4 chuy\u00ean nghi\u1ec7p B\u00ecnh D\u01b0\u01a1ng<\/em><\/p>\n<p>Hi\u1ec7n nay c\u00f3 nhi\u1ec1u tr\u01b0\u01a1ng h\u1ee3p m\u1ed9t s\u1ed1 c\u01a1 s\u1edf s\u1eeda ch\u1eefa xe h\u01a1i l\u1ee3i d\u1ee5ng t\u00ednh ch\u1ea5t \u0111\u1eb7c th\u00f9 k\u0129 thu\u1eadt s\u1eeda m\u00e1y g\u1ea7m \u00f4 t\u00f4, ho\u1eb7c do thi\u1ebfu chuy\u00ean m\u00f4n. M\u1ed7i khi g\u1eb7p g\u1ea7m xe c\u00f3 c\u00e1c d\u1ea5u hi\u1ec7u c\u1ea7n s\u1eeda ch\u1eefa th\u00ec c\u1ed1 t\u00ecnh ho\u1eb7c kh\u00f4ng x\u00e1c \u0111\u1ecbnh \u0111\u01b0\u1ee3c chi ti\u1ebft n\u00e0o th\u1ef1c s\u1ef1 h\u01b0 h\u1ecfng, chi ti\u1ebft n\u00e0o ch\u01b0a c\u1ea7n thay th\u1ebf m\u00e0 b\u00e1o thay th\u1ebf h\u00e0ng lo\u1ea1t chi ti\u1ebft ph\u1ee5 t\u00f9ng. G\u00e2y m\u1ea5t th\u1eddi gian, l\u00e3ng ph\u00ed t\u1ed1n k\u00e9m chi ph\u00ed s\u1eeda ch\u1eefa c\u1ee7a kh\u00e1ch h\u00e0ng.<\/p>\n<p>Cho n\u00ean khi g\u1ea7m xe h\u01a1i c\u1ee7a b\u1ea1n g\u1eb7p v\u1ea5n \u0111\u1ec1 vi\u1ec7c l\u1ef1a ch\u1ecdn m\u1ed9t garage chuy\u00ean s\u1eeda ch\u1eefa g\u1ea7m xe \u00f4 t\u00f4 uy t\u00edn l\u00e0 h\u1ebft s\u1ee9c quan tr\u1ecdng. Quy\u1ebft \u0111\u1ecbnh g\u1ea7m xe c\u00f3 \u0111\u01b0\u1ee3c s\u1eeda ch\u1eefa tri\u1ec7t \u0111\u1ec3 v\u00e0 t\u1ed1i \u01b0u hay kh\u00f4ng.<\/p>\n<h2><strong>5. S\u1eeda Ch\u1eefa G\u1ea7m Xe \u00d4 T\u00f4 Chuy\u00ean Nghi\u1ec7p \u1ede \u0110\u00e2u?<\/strong><\/h2>\n<p>V\u1edbi trang thi\u1ebft b\u1ecb \u0111\u1ea7y \u0111\u1ee7 v\u00e0 hi\u1ec7n \u0111\u1ea1i c\u00f9ng \u0111\u1ed9i ng\u0169 k\u0129 s\u01b0, k\u0129 thu\u1eadt vi\u00ean chuy\u00ean m\u00f4n cao gi\u00e0u kinh nghi\u1ec7m.\u00a0<strong>Grage \u00d4 T\u00d4 V\u0103n Hi\u1ec1n<\/strong>\u00a0l\u00e0 \u0111\u01a1n v\u1ecb cung c\u1ea5p t\u1ea5t c\u1ea3 c\u00e1c d\u1ecbch v\u1ee5 s\u1eeda ch\u1eefa g\u1ea7m \u00f4 t\u00f4 xe h\u01a1i chuy\u00ean nghi\u1ec7p nhanh ch\u00f3ng t\u1ea1i B\u00ecnh D\u01b0\u01a1ng v\u00e0 c\u00e1c t\u1ec9nh th\u00e0nh l\u00e2n c\u1eadn nh\u01b0 B\u00ecnh D\u01b0\u01a1ng, Long An, \u0110\u1ed3ng Nai,&#8230; T\u1ea1i \u0111\u00e2y ch\u0169ng t\u00f4i c\u00f3 \u0111\u1ea7y \u0111\u1ee7 c\u00e1c d\u1ecbch v\u1ee5 s\u1eeda ch\u1eefa g\u1ea7m \u00f4 t\u00f4 xe h\u01a1i bao g\u1ed3m:<\/p>\n<ul>\n<li>S\u1eeda h\u1ec7 th\u1ed1ng treo: Thay rotin l\u00e1i, thay rotin tr\u1ee5, thay rotin gi\u1eb1ng th\u0103ng b\u1eb1ng, thay c\u00e0ng A, thay phu\u1ed9c nh\u00fan, thay l\u00f2 xo gi\u1ea3m s\u00f3c&#8230;<\/li>\n<li>S\u1eeda h\u1ec7 th\u1ed1ng cao su gi\u1ea3m ch\u1ea5n bao g\u1ed3m: thay cao su ch\u00e2n m\u00e1y, thay cao su ch\u00e2n h\u1ed9p s\u1ed1, thay cao su c\u00e0ng A, thay cao su C&#8230;<\/li>\n<li>S\u1eeda h\u1ec7 th\u1ed1ng phanh: b\u1ea3o d\u01b0\u1ee1ng phanh, thay b\u1ed1 th\u1eafng, thay heo th\u1eafng, s\u1eeda ch\u1eefa thay th\u1ebf b\u00ecnh t\u00edch \u00e1p, s\u1eeda ch\u1eefa thay th\u1ebf m\u00f4 t\u01a1 t\u00edch \u00e1p&#8230;<\/li>\n<li>S\u1eeda l\u1ed7i ABS, s\u1eeda l\u1ed7i ESC&#8230;<\/li>\n<li>S\u1eeda l\u1ed7i h\u1ec7 th\u1ed1ng l\u00e1i: S\u1eeda ch\u1eefa thay th\u1ebf th\u01b0\u1edbc l\u00e1i, s\u1eeda th\u01b0\u1edbc l\u00e1i \u0111i\u1ec7n, s\u1eeda b\u01a1m tr\u1ee3 l\u1ef1c l\u00e1i&#8230;<\/li>\n<li>S\u1eeda c\u00e1c l\u1ed7i d\u00f2 r\u1ec9 d\u1ea7u: Thay roong n\u1eafp d\u00e0n c\u00f2, thay roong \u0111\u00e1y cate, thay ph\u1edbt \u0111\u1ea7u ph\u01b0\u1edbt \u0111u\u00f4i tr\u1ee5c c\u01a1, thay ph\u1edbt \u0111\u1ea7u l\u00e1p.<\/li>\n<li>S\u1eeda m\u00e1y g\u1ea7m \u00f4 t\u00f4 thay th\u1ebf l\u1eafp trong, thay l\u1eafp ngo\u00e0i, thay bi mo r\u01a1 (bi moay \u01a1).<\/li>\n<li>S\u1eeda l\u1ed7i r\u00f2 r\u1ec9 h\u1edf \u1ed1ng p\u00f4 xe, s\u1eeda l\u1ed7i p\u00f4 k\u00eau to,&#8230;<\/li>\n<\/ul>\n<p>\u00a0<\/p>\n<p><strong><img decoding=\"async\" src=\"https:\/\/anphatauto.vn\/upload\/elfinder\/sua-chua-gam-xe-o-to\/sua-gam-may-xe-hoi-chuyen-nghiep-tai-An-Phat-Auto.jpeg\" alt=\"S\u1eeda ch\u1eefa g\u1ea7m m\u00e1y xe h\u01a1i chuy\u00ean nghi\u1ec7p TP HCM\" \/><\/strong><\/p>\n<p><em>S\u1eeda ch\u1eefa g\u1ea7m m\u00e1y xe h\u01a1i chuy\u00ean nghi\u1ec7p B\u00ecnh D\u01b0\u01a1ng<\/em><\/p>\n<h2><strong>6.\u00a0\u0110\u1ecba Ch\u1ec9 S\u1eeda Ch\u1eefa G\u1ea7m Xe \u00d4 T\u00f4 Uy T\u00edn T\u1ea1i B\u00ecnh D\u01b0\u01a1ng\u00a0&#8211; Grage \u00d4 T\u00d4 V\u0103n Hi\u1ec1n\u00a0<\/strong><\/h2>\n<p>T\u1ef1 h\u00e0o l\u00e0 m\u1ed9t trong s\u1ed1 \u00edt nh\u1eefng garage s\u1eeda ch\u1eefa g\u1ea7m xe \u00f4 t\u00f4 uy t\u00edn, \u0111\u1eb7c bi\u1ec7t l\u00e0 nh\u1eefng d\u00f2ng Xe Sang Xe Ch\u00e2u \u00c2u \u0111\u1eddi m\u1edbi cao c\u1ea5p. Khi xe h\u01a1i c\u1ee7a b\u1ea1n g\u1eb7p v\u1ea5n \u0111\u1ec1 v\u1ec1 g\u1ea7m, h\u00e3y li\u00ean h\u1ec7 <strong><a href=\"tell:0971270446\"><span style=\"color: #ff6600;\">doctorcar.org<\/span><\/a><\/strong><strong>\u00a0<\/strong>&#8211; \u0110\u1ecba ch\u1ec9 s\u1eeda ch\u1eefa g\u1ea7m xe oto\u00a0uy t\u00edn h\u00e0ng \u0111\u1ea7u B\u00ecnh D\u01b0\u01a1ng. ch\u00fang t\u00f4i cam k\u1ebft s\u1ebd s\u1eeda ch\u1eefa tri\u1ec7t \u0111\u1ec3 m\u1ecdi l\u1ed7i m\u00e0 chi\u1ebfc xe c\u1ee7a b\u1ea1n \u0111ang g\u1eb7p ph\u1ea3i.<\/p>\n<p><strong><a href=\"tell:0971270446\"><span style=\"color: #ff6600;\">doctorcar.org<\/span><\/a><\/strong> s\u1edf h\u1eefu \u0111\u1ea7y \u0111\u1ee7 nh\u1eefng y\u1ebfu t\u1ed1 m\u00e0 kh\u00e1ch h\u00e0ng c\u1ea7n, khi\u1ebfn kh\u00e1ch h\u00e0ng y\u00ean t\u00e2m v\u00e0 h\u00e0i l\u00f2ng h\u01a1n khi s\u1eed d\u1ee5ng c\u00e1c g\u00f3i d\u1ecbch v\u1ee5 s\u1eeda ch\u1eefa t\u1ea1i \u0111\u00e2y nh\u01b0:<\/p>\n<h3><b>\u0110\u1ed9i ng\u0169 k\u1ef9 thu\u1eadt vi\u00ean s\u1eeda ch\u1eefa g\u1ea7m xe \u00f4 t\u00f4 chuy\u00ean nghi\u1ec7p<\/b><\/h3>\n<p>B\u00ean c\u1ea1nh vi\u1ec7c x\u00e2y d\u1ef1ng c\u01a1 s\u1edf h\u1ea1 t\u1ea7ng khang trang, \u0111\u1ea7u t\u01b0 trang thi\u1ebft b\u1ecb hi\u1ec7n \u0111\u1ea1i. <strong><a href=\"tell:0971270446\"><span style=\"color: #ff6600;\">doctorcar.org<\/span><\/a><\/strong><strong>\u00a0<\/strong>c\u00f2n chi\u00eau m\u1ed9 v\u00e0 \u0111\u00e0o t\u1ea1o \u0111\u01b0\u1ee3c cho m\u00ecnh \u0111\u1ed9i ng\u0169 k\u1ef9 thu\u1eadt vi\u00ean l\u00e0nh ngh\u1ec1. V\u00e0 \u0111i\u1ec1u \u0111\u00f3 \u0111\u00e3 gi\u00fap cho <strong><a href=\"tell:0971270446\"><span style=\"color: #ff6600;\">doctorcar.org<\/span><\/a><\/strong> tr\u1edf th\u00e0nh m\u1ed9t trong nh\u1eefng garage s\u1eeda ch\u1eefa khung g\u1ea7m \u00f4 t\u00f4 uy t\u00edn \u0111\u01b0\u1ee3c nhi\u1ec1u ch\u1ee7 xe tin t\u01b0\u1edfng.<\/p>\n<p>Ch\u00fang t\u00f4i \u01b0u ti\u00ean\u00a0vi\u1ec7c s\u1eed d\u1ee5ng\u00a0c\u00e1c trang\u00a0thi\u1ebft b\u1ecb ti\u00ean ti\u1ebfn\u00a0nh\u01b0 m\u00e1y ch\u1ea9n \u0111o\u00e1n \u0111a n\u0103ng, chuy\u00ean h\u00e3ng, tool h\u1ed7 tr\u1ee3 th\u00e1o r\u00e1p, c\u0103n ch\u1ec9nh hay c\u00e1c t\u00e0i li\u1ec7u s\u1eeda ch\u1eefa g\u1ea7m xe oto,&#8230; Nh\u1eb1m h\u1ed7 tr\u1ee3, n\u00e2ng c\u1ea5p cho qu\u00e1 tr\u00ecnh\u00a0s\u1eeda ch\u1eefa \u0111\u01b0\u1ee3c di\u1ec5n ra m\u1ed9t c\u00e1ch an to\u00e0n, nhanh ch\u00f3ng v\u00e0 ch\u00ednh x\u00e1c.<\/p>\n<p>V\u1ea5n \u0111\u1ec1 l\u01b0\u01a1ng t\u00e2m ngh\u1ec1 nghi\u1ec7p lu\u00f4n \u0111\u01b0\u1ee3c <strong><a href=\"tell:0971270446\"><span style=\"color: #ff6600;\">doctorcar.org<\/span><\/a><\/strong>\u00a0\u0111\u1eb7t l\u00ean h\u00e0ng \u0111\u1ea7u. K\u0129 thu\u1eadt vi\u00ean ngo\u00e0i c\u00f3 tr\u00ecnh \u0111\u1ed9 chuy\u00ean m\u00f4n cao, c\u00f2n r\u1ea5t c\u00f3 t\u00e2m v\u1edbi ngh\u1ec1.<\/p>\n<p>\u0110\u1ebfn v\u1edbi An Ph\u00e1t, chi\u1ebfc xe c\u1ee7a b\u1ea1n s\u1ebd \u0111\u01b0\u1ee3c ki\u1ec3m tra k\u0129 l\u01b0\u1ee1ng b\u1edfi c\u00e1c k\u0129 thu\u1eadt vi\u00ean chuy\u00ean nghi\u1ec7p. T\u00ecm ra ch\u00ednh x\u00e1c v\u1ecb tr\u00ed, chi ti\u1ebft ph\u1ee5 t\u00f9ng b\u1ecb h\u01b0 h\u1ecfng. T\u01b0 v\u1ea5n k\u1ef9 c\u00e0ng ph\u01b0\u01a1ng ph\u00e1p s\u1eeda ch\u1eefa hi\u1ec7u qu\u1ea3 nh\u1ea5t.\u00a0Tr\u00e1nh tr\u01b0\u1eddng h\u1ee3p thay th\u1ebf ph\u1ee5 t\u00f9ng c\u00f2n \u0111\u1ea1t ch\u1ea5t l\u01b0\u1ee3ng g\u00e2y t\u1ed1n k\u00e9m l\u00e3ng ph\u00ed cho kh\u00e1ch h\u00e0ng.\u00a0<\/p>\n<p><b>Gi\u00e1 c\u1ea3 c\u1ea1nh tranh nh\u1ea5t th\u1ecb tr\u01b0\u1eddng<\/b><\/p>\n<p>Ngo\u00e0i ch\u1ea5t l\u01b0\u1ee3ng d\u1ecbch v\u1ee5 ra, th\u00ec gi\u00e1 c\u1ea3 c\u0169ng l\u00e0 \u0111i\u1ec1u m\u00e0 kh\u00e1ch h\u00e0ng quan t\u00e2m nh\u1ea5t. <strong><a href=\"tell:0971270446\"><span style=\"color: #ff6600;\">doctorcar.org<\/span><\/a><\/strong> cam k\u1ebft \u0111\u1ebfn b\u1ea1n d\u1ecbch v\u1ee5 <em>S\u1eeda Ch\u1eefa G\u1ea7m Xe \u00d4 T\u00f4<\/em>\u00a0t\u1ea1i \u0111\u00e2y l\u00e0 ch\u1ea5t l\u01b0\u1ee3ng nh\u1ea5t v\u1edbi m\u1ee9c gi\u00e1 h\u1ee3p l\u00fd c\u1ea1nh tranh nh\u1ea5t th\u1ecb tr\u01b0\u1eddng B\u00ecnh D\u01b0\u01a1ng. B\u1ea1n s\u1ebd kh\u00f4ng ph\u1ea3i lo ng\u1ea1i v\u1ea5n \u0111\u1ec1 gi\u00e1 c\u1ea3. Xe h\u1ecfng h\u00f3c ch\u1ed7 n\u00e0o ch\u00fang t\u00f4i s\u1ebd s\u1eeda ngay ch\u1ed7 \u0111\u00f3. Tr\u00e1nh tri\u1ec7t \u0111\u1ec3 tr\u01b0\u1eddng h\u1ee3p khai kh\u1ed1ng l\u00e0m kh\u00e1ch h\u00e0ng m\u1ea5t ti\u1ec1n \u201coan\u201d. H\u00e3y y\u00ean t\u00e2m l\u00e0 m\u1ee9c gi\u00e1 \u0111\u01b0a ra s\u1ebd lu\u00f4n t\u01b0\u01a1ng x\u1ee9ng v\u1edbi ch\u1ea5t l\u01b0\u1ee3ng m\u00e0 ch\u00fang t\u00f4i trao cho b\u1ea1n.<\/p>\n<h3><b>Ph\u1ee5 t\u00f9ng thay th\u1ebf khi s\u1eeda ch\u1eefa g\u1ea7m xe \u00f4 t\u00f4 t\u1ed1t nh\u1ea5t<\/b><\/h3>\n<p>Ti\u1ec1n th\u00e2n <strong><a href=\"tell:0971270446\"><span style=\"color: #ff6600;\">doctorcar.org<\/span><\/a><\/strong>\u00a0l\u00e0 m\u1ed9t c\u00f4ng ty cung c\u1ea5p ph\u1ee5 t\u00f9ng l\u1edbn \u1edf Vi\u1ec7t Nam, n\u00ean khi \u0111\u1ebfn \u0111\u00e2y, c\u00e1c b\u1ea1n kh\u00f4ng c\u1ea7n ph\u1ea3i lo l\u1eafng v\u1ec1 gi\u00e1 c\u1ea3 hay\u00a0th\u1eddi gian nh\u1eadp ph\u1ee5 t\u00f9ng \u00f4 t\u00f4 \u0111\u1ec3 thay th\u1ebf.\u00a0Ngu\u1ed3n ph\u1ee5 t\u00f9ng linh ki\u1ec7n c\u00f3 s\u1eb5n s\u1ebd\u00a0gi\u00fap qu\u00e1 tr\u00ecnh s\u1eeda ch\u1eefa v\u00e0 thay th\u1ebf\u00a0\u0111\u01b0\u1ee3c di\u1ec5n ra nhanh ch\u00f3ng, kh\u00f4ng l\u00e0m t\u1ed1n th\u1eddi gian c\u1ee7a qu\u00fd kh\u00e1ch h\u00e0ng. C\u00e1c ph\u1ee5 t\u00f9ng t\u1ea1i \u0111\u00e2y lu\u00f4n l\u00e0 ch\u00ednh h\u00e3ng, ngu\u1ed3n g\u1ed1c xu\u1ea5t x\u1ee9 r\u00f5 r\u00e0ng v\u00e0 th\u1eddi gian b\u1ea3o h\u00e0nh d\u00e0i l\u00e2u n\u00ean c\u00e1c b\u1ea1n c\u00f3 th\u1ec3 ho\u00e0n to\u00e0n y\u00ean t\u00e2m.<\/p>\n<p><strong><a href=\"tell:0971270446\"><span style=\"color: #ff6600;\">doctorcar.org<\/span><\/a><\/strong> \u0111\u1ea3m b\u1ea3o ch\u1ea5t l\u01b0\u1ee3ng d\u1ecbch v\u1ee5 s\u1eeda g\u1ea7m xe \u00f4 t\u00f4 \u1edf \u0111\u00e2y l\u00e0 ch\u1ea5t l\u01b0\u1ee3ng nh\u1ea5t v\u1edbi chi ph\u00ed v\u00f4 c\u00f9ng h\u1ee3p l\u00fd. Grage \u00d4 T\u00d4 V\u0103n Hi\u1ec1n cung c\u1ea5p t\u1ea5t c\u1ea3 d\u1ecbch v\u1ee5 s\u1eeda ch\u1eefa ch\u0103m s\u00f3c \u00f4 t\u00f4 m\u1ed9t c\u00e1ch to\u00e0n di\u1ec7n cho xe \u00f4 t\u00f4 c\u1ee7a b\u1ea1n nh\u01b0: S\u1eeda ch\u1eefa \u0111\u1ed9ng c\u01a1 \u00f4 t\u00f4, s\u1eeda \u0111i\u1ec7n \u00f4 t\u00f4 chuy\u00ean s\u00e2u, s\u1eeda ch\u1eefa h\u1ed9p s\u1ed1 \u00f4 t\u00f4, S\u1eeda h\u1ec7 th\u1ed1ng l\u1ea1nh \u00f4 t\u00f4&#8230;.\u00a0<strong>G\u1ecdi ngay cho <a href=\"tell:0971270446\"><span style=\"color: #ff6600;\">doctorcar.org<\/span><\/a> \u0111\u1ec3 \u0111\u01b0\u1ee3c nh\u1eadn b\u00e1o gi\u00e1 v\u00e0 h\u1ed7 tr\u1ee3 nhanh nh\u1ea5t.<\/strong><\/p>\n","protected":false},"excerpt":{"rendered":"<p>H\u1ec7 th\u1ed1ng g\u1ea7m xe \u00f4 t\u00f4\u00a0l\u00e0 m\u1ed9t trong nh\u1eefng b\u1ed9 ph\u1eadn quan tr\u1ecdng nh\u1ea5t gi\u00fap \u0111\u1ea3m b\u1ea3o s\u1ef1 di chuy\u1ec3n \u00eam \u00e1i, \u1ed5n \u0111\u1ecbnh c\u1ee7a xe. \u0110\u00e2y l\u00e0 b\u1ed9 ph\u1eadn li\u00ean quan tr\u1ef1c ti\u1ebfp \u0111\u1ebfn h\u1ec7 th\u1ed1ng l\u00e1i trong m\u1ed9t s\u1ed1 tr\u01b0\u1eddng h\u1ee3p, quy\u1ebft \u0111\u1ecbnh s\u1ef1 an to\u00e0n khi s\u1eed d\u1ee5ng xe. Vi\u1ec7c s\u1eeda ch\u1eefa [&#8230;]\n","protected":false},"author":1,"featured_media":0,"parent":250,"menu_order":0,"comment_status":"closed","ping_status":"closed","template":"","meta":{"om_disable_all_campaigns":false,"_monsterinsights_skip_tracking":false,"_monsterinsights_sitenote_active":false,"_monsterinsights_sitenote_note":"","_monsterinsights_sitenote_category":0,"_uf_show_specific_survey":0,"_uf_disable_surveys":false,"footnotes":""},"class_list":["post-226","page","type-page","status-publish","hentry"],"aioseo_notices":[],"_links":{"self":[{"href":"https:\/\/doctorcar.org\/index.php?rest_route=\/wp\/v2\/pages\/226","targetHints":{"allow":["GET"]}}],"collection":[{"href":"https:\/\/doctorcar.org\/index.php?rest_route=\/wp\/v2\/pages"}],"about":[{"href":"https:\/\/doctorcar.org\/index.php?rest_route=\/wp\/v2\/types\/page"}],"author":[{"embeddable":true,"href":"https:\/\/doctorcar.org\/index.php?rest_route=\/wp\/v2\/users\/1"}],"replies":[{"embeddable":true,"href":"https:\/\/doctorcar.org\/index.php?rest_route=%2Fwp%2Fv2%2Fcomments&post=226"}],"version-history":[{"count":2,"href":"https:\/\/doctorcar.org\/index.php?rest_route=\/wp\/v2\/pages\/226\/revisions"}],"predecessor-version":[{"id":238,"href":"https:\/\/doctorcar.org\/index.php?rest_route=\/wp\/v2\/pages\/226\/revisions\/238"}],"up":[{"embeddable":true,"href":"https:\/\/doctorcar.org\/index.php?rest_route=\/wp\/v2\/pages\/250"}],"wp:attachment":[{"href":"https:\/\/doctorcar.org\/index.php?rest_route=%2Fwp%2Fv2%2Fmedia&parent=226"}],"curies":[{"name":"wp","href":"https:\/\/api.w.org\/{rel}","templated":true}]}}