{"id":336,"date":"2025-05-25T23:26:17","date_gmt":"2025-05-25T16:26:17","guid":{"rendered":"https:\/\/doctorcar.org\/?page_id=336"},"modified":"2025-05-25T23:27:12","modified_gmt":"2025-05-25T16:27:12","slug":"bao-duong-dinh-ky","status":"publish","type":"page","link":"https:\/\/doctorcar.org\/?page_id=336","title":{"rendered":"B\u1ea2O D\u01af\u1ee0NG \u0110\u1ecaNH K\u1ef2"},"content":{"rendered":"<div class=\"WaaZC\">\n<div class=\"RJPOee EIJn2\">\n<div class=\"rPeykc\" data-hveid=\"CAMQAQ\" data-ved=\"2ahUKEwjI_5KahL-NAxUHhlYBHePuIJ4Qo_EKegQIAxAB\">\n<p><span data-huuid=\"6749112153708451752\">B\u1ea3o d\u01b0\u1ee1ng xe \u00f4 t\u00f4 \u0111\u1ecbnh k\u1ef3\u00a0<mark class=\"QVRyCf\">gi\u00fap ng\u0103n ch\u1eb7n h\u01b0 h\u1ecfng, t\u0103ng \u0111\u1ed9 b\u1ec1n v\u00e0 tu\u1ed5i th\u1ecd c\u1ee7a xe, \u0111\u1ea3m b\u1ea3o an to\u00e0n v\u00e0 gi\u00fap b\u1ea1n l\u00e1i xe m\u1ed9t c\u00e1ch tho\u1ea3i m\u00e1i<\/mark>.\u00a0<\/span><span data-huuid=\"6749112153708453593\">Vi\u1ec7c b\u1ea3o d\u01b0\u1ee1ng \u0111\u1ecbnh k\u1ef3 c\u0169ng gi\u00fap duy tr\u00ec hi\u1ec7u su\u1ea5t v\u00e0 gi\u00e1 tr\u1ecb c\u1ee7a xe.<span class=\"pjBG2e\" data-cid=\"0d7e6aa3-e627-431c-8d60-15f36fb3d6d5\"><span class=\"UV3uM\">\u00a0<\/span><\/span><\/span><\/p>\n<div class=\"NPrrbc\" data-cid=\"0d7e6aa3-e627-431c-8d60-15f36fb3d6d5\" data-uuids=\"6749112153708451752,6749112153708453593\">\n<div class=\"BMebGe btku5b fCrZyc LwdV0e FR7ZSc OJeuxf\" tabindex=\"0\" role=\"button\" aria-label=\"Xem c\u00e1c \u0111\u01b0\u1eddng li\u00ean k\u1ebft c\u00f3 li\u00ean quan\" data-hveid=\"CAQQAQ\" data-ved=\"2ahUKEwjI_5KahL-NAxUHhlYBHePuIJ4Q3fYKegQIBBAB\">\n<div class=\"niO4u\">\n<div class=\"kHtcsd\"><\/div>\n<\/div>\n<\/div>\n<\/div>\n<\/div>\n<\/div>\n<\/div>\n<div class=\"WaaZC\">\n<div class=\"RJPOee EIJn2\">\n<div class=\"rPeykc pyPiTc\" data-hveid=\"CA4QAQ\" data-ved=\"2ahUKEwjI_5KahL-NAxUHhlYBHePuIJ4Qo_EKegQIDhAB\">\n<p><span data-huuid=\"1453907418350113381\">L\u1ee3i \u00edch c\u1ee7a vi\u1ec7c b\u1ea3o d\u01b0\u1ee1ng \u00f4 t\u00f4 \u0111\u1ecbnh k\u1ef3:<span class=\"pjBG2e\" data-cid=\"90b6ca48-5928-485f-b98c-240cfea3a7c7\"><span class=\"UV3uM\">\u00a0<\/span><\/span><\/span><\/p>\n<div class=\"NPrrbc\" data-cid=\"90b6ca48-5928-485f-b98c-240cfea3a7c7\" data-uuids=\"1453907418350113381\">\n<div class=\"BMebGe btku5b fCrZyc LwdV0e FR7ZSc OJeuxf\" tabindex=\"0\" role=\"button\" aria-label=\"Xem c\u00e1c \u0111\u01b0\u1eddng li\u00ean k\u1ebft c\u00f3 li\u00ean quan\" data-hveid=\"CA0QAQ\" data-ved=\"2ahUKEwjI_5KahL-NAxUHhlYBHePuIJ4Q3fYKegQIDRAB\">\n<div class=\"niO4u\">\n<div class=\"kHtcsd\"><\/div>\n<\/div>\n<\/div>\n<\/div>\n<\/div>\n<\/div>\n<\/div>\n<div class=\"WaaZC\">\n<div class=\"RJPOee EIJn2\">\n<ul data-hveid=\"CCwQAQ\" data-ved=\"2ahUKEwjI_5KahL-NAxUHhlYBHePuIJ4Qm_YKegQILBAB\">\n<li class=\"K3KsMc\">\n<div class=\"zMgcWd dSKvsb\" data-il=\"\">\n<div data-crb-p=\"\">\n<div class=\"xFTqob\">\n<div class=\"Gur8Ad\"><span data-huuid=\"1453907418350112804\"><strong>N\u00e2ng cao \u0111\u1ed9 b\u1ec1n v\u00e0 tu\u1ed5i th\u1ecd xe:<\/strong><\/span><\/div>\n<div class=\"vM0jzc\">\n<p><span data-huuid=\"1453907418350113977\">B\u1ea3o d\u01b0\u1ee1ng gi\u00fap duy tr\u00ec ho\u1ea1t \u0111\u1ed9ng t\u1ed1t nh\u1ea5t c\u1ee7a c\u00e1c h\u1ec7 th\u1ed1ng v\u00e0 b\u1ed9 ph\u1eadn tr\u00ean xe, gi\u1ea3m hao m\u00f2n v\u00e0 k\u00e9o d\u00e0i tu\u1ed5i th\u1ecd.<span class=\"pjBG2e\" data-cid=\"e60deaaa-3680-408f-8051-06c6978412ed\"><span class=\"UV3uM\">\u00a0<\/span><\/span><\/span><\/p>\n<div class=\"NPrrbc\" data-cid=\"e60deaaa-3680-408f-8051-06c6978412ed\" data-uuids=\"1453907418350112804,1453907418350113977\">\n<div class=\"BMebGe btku5b fCrZyc LwdV0e FR7ZSc OJeuxf\" tabindex=\"0\" role=\"button\" aria-label=\"Xem c\u00e1c \u0111\u01b0\u1eddng li\u00ean k\u1ebft c\u00f3 li\u00ean quan\" data-hveid=\"CB0QAQ\" data-ved=\"2ahUKEwjI_5KahL-NAxUHhlYBHePuIJ4Q3fYKegQIHRAB\">\n<div class=\"niO4u\">\n<div class=\"kHtcsd\"><\/div>\n<\/div>\n<\/div>\n<\/div>\n<\/div>\n<\/div>\n<\/div>\n<\/div>\n<\/li>\n<li class=\"K3KsMc\">\n<div class=\"zMgcWd dSKvsb\" data-il=\"\">\n<div data-crb-p=\"\">\n<div class=\"xFTqob\">\n<div class=\"Gur8Ad\"><span data-huuid=\"1453907418350116323\"><strong>\u0110\u1ea3m b\u1ea3o an to\u00e0n:<\/strong><\/span><\/div>\n<div class=\"vM0jzc\">\n<p><span data-huuid=\"1453907418350113400\">Ki\u1ec3m tra \u0111\u1ecbnh k\u1ef3 gi\u00fap ph\u00e1t hi\u1ec7n s\u1edbm c\u00e1c v\u1ea5n \u0111\u1ec1 ti\u1ec1m \u1ea9n nh\u01b0 phanh, h\u1ec7 th\u1ed1ng l\u00e1i, l\u1ed1p, v\u00e0 h\u1ec7 th\u1ed1ng an to\u00e0n, \u0111\u1ea3m b\u1ea3o xe v\u1eadn h\u00e0nh an to\u00e0n.<span class=\"pjBG2e\" data-cid=\"7b190614-2092-4914-9039-b882c12a164c\"><span class=\"UV3uM\">\u00a0<\/span><\/span><\/span><\/p>\n<div class=\"NPrrbc\" data-cid=\"7b190614-2092-4914-9039-b882c12a164c\" data-uuids=\"1453907418350116323,1453907418350113400\">\n<div class=\"BMebGe btku5b fCrZyc LwdV0e FR7ZSc OJeuxf\" tabindex=\"0\" role=\"button\" aria-label=\"Xem c\u00e1c \u0111\u01b0\u1eddng li\u00ean k\u1ebft c\u00f3 li\u00ean quan\" data-hveid=\"CCAQAQ\" data-ved=\"2ahUKEwjI_5KahL-NAxUHhlYBHePuIJ4Q3fYKegQIIBAB\">\n<div class=\"niO4u\">\n<div class=\"kHtcsd\"><\/div>\n<\/div>\n<\/div>\n<\/div>\n<\/div>\n<\/div>\n<\/div>\n<\/div>\n<\/li>\n<li class=\"K3KsMc\">\n<div class=\"zMgcWd dSKvsb\" data-il=\"\">\n<div data-crb-p=\"\">\n<div class=\"xFTqob\">\n<div class=\"Gur8Ad\"><span data-huuid=\"1453907418350115746\"><strong>L\u00e1i xe tho\u1ea3i m\u00e1i:<\/strong><\/span><\/div>\n<div class=\"vM0jzc\">\n<p><span data-huuid=\"1453907418350112823\">Xe \u0111\u01b0\u1ee3c b\u1ea3o d\u01b0\u1ee1ng t\u1ed1t s\u1ebd ho\u1ea1t \u0111\u1ed9ng \u00eam \u00e1i h\u01a1n, \u00edt ti\u1ebfng \u1ed3n h\u01a1n, v\u00e0 gi\u1ea3m thi\u1ec3u c\u00e1c v\u1ea5n \u0111\u1ec1 v\u1ec1 rung l\u1eafc, gi\u00fap b\u1ea1n l\u00e1i xe tho\u1ea3i m\u00e1i h\u01a1n.<span class=\"pjBG2e\" data-cid=\"3b42ef8e-6263-4ddc-ad2c-7887dd81064e\"><span class=\"UV3uM\">\u00a0<\/span><\/span><\/span><\/p>\n<div class=\"NPrrbc\" data-cid=\"3b42ef8e-6263-4ddc-ad2c-7887dd81064e\" data-uuids=\"1453907418350115746,1453907418350112823\">\n<div class=\"BMebGe btku5b fCrZyc LwdV0e FR7ZSc OJeuxf\" tabindex=\"0\" role=\"button\" aria-label=\"Xem c\u00e1c \u0111\u01b0\u1eddng li\u00ean k\u1ebft c\u00f3 li\u00ean quan\" data-hveid=\"CCcQAQ\" data-ved=\"2ahUKEwjI_5KahL-NAxUHhlYBHePuIJ4Q3fYKegQIJxAB\">\n<div class=\"niO4u\">\n<div class=\"kHtcsd\"><\/div>\n<\/div>\n<\/div>\n<\/div>\n<\/div>\n<\/div>\n<\/div>\n<\/div>\n<\/li>\n<li class=\"K3KsMc\">\n<div class=\"zMgcWd dSKvsb\" data-il=\"\">\n<div data-crb-p=\"\">\n<div class=\"xFTqob\">\n<div class=\"Gur8Ad\"><span data-huuid=\"1453907418350115169\"><strong>Ti\u1ebft ki\u1ec7m chi ph\u00ed:<\/strong><\/span><\/div>\n<div class=\"vM0jzc\">\n<p><span data-huuid=\"1453907418350116342\">B\u1ea3o d\u01b0\u1ee1ng \u0111\u1ecbnh k\u1ef3 gi\u00fap ph\u00e1t hi\u1ec7n s\u1edbm c\u00e1c v\u1ea5n \u0111\u1ec1 nh\u1ecf, tr\u00e1nh nh\u1eefng h\u01b0 h\u1ecfng l\u1edbn h\u01a1n v\u00e0 t\u1ed1n k\u00e9m h\u01a1n.<span class=\"pjBG2e\" data-cid=\"df4a2b22-2951-4414-87b8-9ff41befa52d\"><span class=\"UV3uM\">\u00a0<\/span><\/span><\/span><\/p>\n<div class=\"NPrrbc\" data-cid=\"df4a2b22-2951-4414-87b8-9ff41befa52d\" data-uuids=\"1453907418350115169,1453907418350116342\">\n<div class=\"BMebGe btku5b fCrZyc LwdV0e FR7ZSc OJeuxf\" tabindex=\"0\" role=\"button\" aria-label=\"Xem c\u00e1c \u0111\u01b0\u1eddng li\u00ean k\u1ebft c\u00f3 li\u00ean quan\" data-hveid=\"CCYQAQ\" data-ved=\"2ahUKEwjI_5KahL-NAxUHhlYBHePuIJ4Q3fYKegQIJhAB\">\n<div class=\"niO4u\">\n<div class=\"kHtcsd\"><\/div>\n<\/div>\n<\/div>\n<\/div>\n<\/div>\n<\/div>\n<\/div>\n<\/div>\n<\/li>\n<li class=\"K3KsMc\">\n<div class=\"zMgcWd dSKvsb\" data-il=\"\">\n<div data-crb-p=\"\">\n<div class=\"xFTqob\">\n<div class=\"Gur8Ad\"><span data-huuid=\"1453907418350114592\"><strong>T\u0103ng gi\u00e1 tr\u1ecb khi b\u00e1n xe:<\/strong><\/span><\/div>\n<div class=\"vM0jzc\">\n<p><span data-huuid=\"1453907418350115765\">Xe \u0111\u01b0\u1ee3c b\u1ea3o d\u01b0\u1ee1ng \u0111\u1ecbnh k\u1ef3 s\u1ebd c\u00f3 gi\u00e1 tr\u1ecb b\u00e1n l\u1ea1i cao h\u01a1n do ho\u1ea1t \u0111\u1ed9ng t\u1ed1t v\u00e0 \u00edt h\u01b0 h\u1ecfng.<span class=\"pjBG2e\" data-cid=\"7c5651e0-221f-441e-9398-40358616af9f\"><span class=\"UV3uM\">\u00a0<\/span><\/span><\/span><\/p>\n<div class=\"NPrrbc\" data-cid=\"7c5651e0-221f-441e-9398-40358616af9f\" data-uuids=\"1453907418350114592,1453907418350115765\">\n<div class=\"BMebGe btku5b fCrZyc LwdV0e FR7ZSc OJeuxf\" tabindex=\"0\" role=\"button\" aria-label=\"Xem c\u00e1c \u0111\u01b0\u1eddng li\u00ean k\u1ebft c\u00f3 li\u00ean quan\" data-hveid=\"CCQQAQ\" data-ved=\"2ahUKEwjI_5KahL-NAxUHhlYBHePuIJ4Q3fYKegQIJBAB\">\n<div class=\"niO4u\">\n<div class=\"kHtcsd\"><\/div>\n<\/div>\n<\/div>\n<\/div>\n<\/div>\n<\/div>\n<\/div>\n<\/div>\n<\/li>\n<li class=\"K3KsMc\">\n<div class=\"zMgcWd dSKvsb\" data-il=\"\">\n<div data-crb-p=\"\">\n<div class=\"xFTqob\">\n<div class=\"Gur8Ad\"><span data-huuid=\"1453907418350114015\"><strong>\u0110\u1ea3m b\u1ea3o hi\u1ec7u l\u1ef1c b\u1ea3o h\u00e0nh:<\/strong><\/span><\/div>\n<div class=\"vM0jzc\">\n<p><span data-huuid=\"1453907418350115188\">B\u1ea3o d\u01b0\u1ee1ng \u0111\u1ecbnh k\u1ef3 t\u1ea1i h\u00e3ng gi\u00fap duy tr\u00ec hi\u1ec7u l\u1ef1c b\u1ea3o h\u00e0nh c\u1ee7a xe.<span class=\"pjBG2e\" data-cid=\"9a9b9cc6-6249-4a49-b817-75a80b54adce\"><span class=\"UV3uM\">\u00a0<\/span><\/span><\/span><\/p>\n<div class=\"NPrrbc\" data-cid=\"9a9b9cc6-6249-4a49-b817-75a80b54adce\" data-uuids=\"1453907418350114015,1453907418350115188\">\n<div class=\"BMebGe btku5b fCrZyc LwdV0e FR7ZSc OJeuxf\" tabindex=\"0\" role=\"button\" aria-label=\"Xem c\u00e1c \u0111\u01b0\u1eddng li\u00ean k\u1ebft c\u00f3 li\u00ean quan\" data-hveid=\"CCMQAQ\" data-ved=\"2ahUKEwjI_5KahL-NAxUHhlYBHePuIJ4Q3fYKegQIIxAB\">\n<div class=\"niO4u\">\n<div class=\"kHtcsd\"><\/div>\n<\/div>\n<\/div>\n<\/div>\n<\/div>\n<\/div>\n<\/div>\n<\/div>\n<\/li>\n<\/ul>\n<\/div>\n<\/div>\n<div class=\"WaaZC\">\n<div class=\"RJPOee EIJn2\">\n<div class=\"rPeykc pyPiTc\" data-hveid=\"CDIQAQ\" data-ved=\"2ahUKEwjI_5KahL-NAxUHhlYBHePuIJ4Qo_EKegQIMhAB\"><span data-huuid=\"3966905133306722409\">C\u00e1c h\u1ea1ng m\u1ee5c b\u1ea3o d\u01b0\u1ee1ng \u0111\u1ecbnh k\u1ef3:<\/span><\/div>\n<\/div>\n<\/div>\n<div class=\"WaaZC\">\n<div class=\"RJPOee EIJn2\">\n<ul data-hveid=\"CFUQAQ\" data-ved=\"2ahUKEwjI_5KahL-NAxUHhlYBHePuIJ4Qm_YKegQIVRAB\">\n<li><span data-huuid=\"3966905133306721658\"><strong>Ki\u1ec3m tra v\u00e0 thay d\u1ea7u \u0111\u1ed9ng c\u01a1:<\/strong>\u00a0<\/span><span data-huuid=\"3966905133306722773\">Gi\u00fap b\u00f4i tr\u01a1n \u0111\u1ed9ng c\u01a1, gi\u1ea3m ma s\u00e1t, v\u00e0 t\u0103ng tu\u1ed5i th\u1ecd \u0111\u1ed9ng c\u01a1.<span class=\"pjBG2e\" data-cid=\"b4de0c8f-f65f-4929-8a9a-490f4f8c8d9e\"><span class=\"UV3uM\">\u00a0<\/span><\/span><\/span>\n<div class=\"NPrrbc\" data-cid=\"b4de0c8f-f65f-4929-8a9a-490f4f8c8d9e\" data-uuids=\"3966905133306721658,3966905133306722773\">\n<div class=\"BMebGe btku5b fCrZyc LwdV0e FR7ZSc OJeuxf\" tabindex=\"0\" role=\"button\" aria-label=\"Xem c\u00e1c \u0111\u01b0\u1eddng li\u00ean k\u1ebft c\u00f3 li\u00ean quan\" data-hveid=\"CEMQAQ\" data-ved=\"2ahUKEwjI_5KahL-NAxUHhlYBHePuIJ4Q3fYKegQIQxAB\">\n<div class=\"niO4u\">\n<div class=\"kHtcsd\"><\/div>\n<\/div>\n<\/div>\n<\/div>\n<\/li>\n<li><span data-huuid=\"3966905133306720907\"><strong>Ki\u1ec3m tra v\u00e0 thay l\u1ecdc d\u1ea7u, l\u1ecdc gi\u00f3, l\u1ecdc kh\u00f4ng kh\u00ed:<\/strong>\u00a0<\/span><span data-huuid=\"3966905133306722022\">Gi\u00fap lo\u1ea1i b\u1ecf c\u00e1c t\u1ea1p ch\u1ea5t, \u0111\u1ea3m b\u1ea3o ch\u1ea5t l\u01b0\u1ee3ng nhi\u00ean li\u1ec7u, d\u1ea7u b\u00f4i tr\u01a1n, v\u00e0 kh\u00f4ng kh\u00ed trong xe.<span class=\"pjBG2e\" data-cid=\"d8605f2b-0669-4dd4-8c55-9a71036992fd\"><span class=\"UV3uM\">\u00a0<\/span><\/span><\/span>\n<div class=\"NPrrbc\" data-cid=\"d8605f2b-0669-4dd4-8c55-9a71036992fd\" data-uuids=\"3966905133306720907,3966905133306722022\">\n<div class=\"BMebGe btku5b fCrZyc LwdV0e FR7ZSc OJeuxf\" tabindex=\"0\" role=\"button\" aria-label=\"Xem c\u00e1c \u0111\u01b0\u1eddng li\u00ean k\u1ebft c\u00f3 li\u00ean quan\" data-hveid=\"CE0QAQ\" data-ved=\"2ahUKEwjI_5KahL-NAxUHhlYBHePuIJ4Q3fYKegQITRAB\">\n<div class=\"niO4u\">\n<div class=\"kHtcsd\"><\/div>\n<\/div>\n<\/div>\n<\/div>\n<\/li>\n<li><span data-huuid=\"3966905133306724252\"><strong>Ki\u1ec3m tra h\u1ec7 th\u1ed1ng phanh:<\/strong>\u00a0<\/span><span data-huuid=\"3966905133306721271\">\u0110\u1ea3m b\u1ea3o phanh ho\u1ea1t \u0111\u1ed9ng t\u1ed1t v\u00e0 an to\u00e0n.<span class=\"pjBG2e\" data-cid=\"b9239a7d-8631-4e32-a44a-88d6c4ca3d39\"><span class=\"UV3uM\">\u00a0<\/span><\/span><\/span>\n<div class=\"NPrrbc\" data-cid=\"b9239a7d-8631-4e32-a44a-88d6c4ca3d39\" data-uuids=\"3966905133306724252,3966905133306721271\">\n<div class=\"BMebGe btku5b fCrZyc LwdV0e FR7ZSc OJeuxf\" tabindex=\"0\" role=\"button\" aria-label=\"Xem c\u00e1c \u0111\u01b0\u1eddng li\u00ean k\u1ebft c\u00f3 li\u00ean quan\" data-hveid=\"CEwQAQ\" data-ved=\"2ahUKEwjI_5KahL-NAxUHhlYBHePuIJ4Q3fYKegQITBAB\">\n<div class=\"niO4u\">\n<div class=\"kHtcsd\"><\/div>\n<\/div>\n<\/div>\n<\/div>\n<\/li>\n<li><span data-huuid=\"3966905133306723501\"><strong>Ki\u1ec3m tra v\u00e0 b\u01a1m l\u1ed1p:<\/strong>\u00a0<\/span><span data-huuid=\"3966905133306720520\">\u0110\u1ea3m b\u1ea3o \u00e1p su\u1ea5t l\u1ed1p v\u00e0 \u0111\u1ed9 m\u00f2n l\u1ed1p \u0111\u00fang ti\u00eau chu\u1ea9n.<span class=\"pjBG2e\" data-cid=\"36b1618f-ff01-4a2f-afe0-85b675ed4483\"><span class=\"UV3uM\">\u00a0<\/span><\/span><\/span>\n<div class=\"NPrrbc\" data-cid=\"36b1618f-ff01-4a2f-afe0-85b675ed4483\" data-uuids=\"3966905133306723501,3966905133306720520\">\n<div class=\"BMebGe btku5b fCrZyc LwdV0e FR7ZSc OJeuxf\" tabindex=\"0\" role=\"button\" aria-label=\"Xem c\u00e1c \u0111\u01b0\u1eddng li\u00ean k\u1ebft c\u00f3 li\u00ean quan\" data-hveid=\"CEsQAQ\" data-ved=\"2ahUKEwjI_5KahL-NAxUHhlYBHePuIJ4Q3fYKegQISxAB\">\n<div class=\"niO4u\">\n<div class=\"kHtcsd\"><\/div>\n<\/div>\n<\/div>\n<\/div>\n<\/li>\n<li><span data-huuid=\"3966905133306722750\"><strong>Ki\u1ec3m tra h\u1ec7 th\u1ed1ng l\u00e1i:<\/strong>\u00a0<\/span><span data-huuid=\"3966905133306723865\">\u0110\u1ea3m b\u1ea3o h\u1ec7 th\u1ed1ng l\u00e1i ho\u1ea1t \u0111\u1ed9ng tr\u01a1n tru v\u00e0 an to\u00e0n.<span class=\"pjBG2e\" data-cid=\"6cd03103-1999-43f4-a9c3-0bc61b743396\"><span class=\"UV3uM\">\u00a0<\/span><\/span><\/span>\n<div class=\"NPrrbc\" data-cid=\"6cd03103-1999-43f4-a9c3-0bc61b743396\" data-uuids=\"3966905133306722750,3966905133306723865\">\n<div class=\"BMebGe btku5b fCrZyc LwdV0e FR7ZSc OJeuxf\" tabindex=\"0\" role=\"button\" aria-label=\"Xem c\u00e1c \u0111\u01b0\u1eddng li\u00ean k\u1ebft c\u00f3 li\u00ean quan\" data-hveid=\"CE4QAQ\" data-ved=\"2ahUKEwjI_5KahL-NAxUHhlYBHePuIJ4Q3fYKegQIThAB\">\n<div class=\"niO4u\">\n<div class=\"kHtcsd\"><\/div>\n<\/div>\n<\/div>\n<\/div>\n<\/li>\n<li><span data-huuid=\"3966905133306721999\"><strong>Ki\u1ec3m tra h\u1ec7 th\u1ed1ng l\u00e0m m\u00e1t:<\/strong>\u00a0<\/span><span data-huuid=\"3966905133306723114\">\u0110\u1ea3m b\u1ea3o \u0111\u1ed9ng c\u01a1 kh\u00f4ng b\u1ecb qu\u00e1 nhi\u1ec7t.<span class=\"pjBG2e\" data-cid=\"8d62c8eb-6fa2-42a4-901f-24376851993a\"><span class=\"UV3uM\">\u00a0<\/span><\/span><\/span>\n<div class=\"NPrrbc\" data-cid=\"8d62c8eb-6fa2-42a4-901f-24376851993a\" data-uuids=\"3966905133306721999,3966905133306723114\">\n<div class=\"BMebGe btku5b fCrZyc LwdV0e FR7ZSc OJeuxf\" tabindex=\"0\" role=\"button\" aria-label=\"Xem c\u00e1c \u0111\u01b0\u1eddng li\u00ean k\u1ebft c\u00f3 li\u00ean quan\" data-hveid=\"CEcQAQ\" data-ved=\"2ahUKEwjI_5KahL-NAxUHhlYBHePuIJ4Q3fYKegQIRxAB\">\n<div class=\"niO4u\">\n<div class=\"kHtcsd\"><\/div>\n<\/div>\n<\/div>\n<\/div>\n<\/li>\n<li><span data-huuid=\"3966905133306721248\"><strong>Ki\u1ec3m tra v\u00e0 b\u1ed5 sung dung d\u1ecbch:<\/strong>\u00a0<\/span><span data-huuid=\"3966905133306722363\">Ki\u1ec3m tra v\u00e0 b\u1ed5 sung n\u01b0\u1edbc l\u00e0m m\u00e1t, d\u1ea7u phanh, d\u1ea7u tr\u1ee3 l\u1ef1c l\u00e1i&#8230;<span class=\"pjBG2e\" data-cid=\"be538e21-b26f-448d-b106-7f0fce39a3ff\"><span class=\"UV3uM\">\u00a0<\/span><\/span><\/span>\n<div class=\"NPrrbc\" data-cid=\"be538e21-b26f-448d-b106-7f0fce39a3ff\" data-uuids=\"3966905133306721248,3966905133306722363\">\n<div class=\"BMebGe btku5b fCrZyc LwdV0e FR7ZSc OJeuxf\" tabindex=\"0\" role=\"button\" aria-label=\"Xem c\u00e1c \u0111\u01b0\u1eddng li\u00ean k\u1ebft c\u00f3 li\u00ean quan\" data-hveid=\"CEgQAQ\" data-ved=\"2ahUKEwjI_5KahL-NAxUHhlYBHePuIJ4Q3fYKegQISBAB\">\n<div class=\"niO4u\">\n<div class=\"kHtcsd\"><\/div>\n<\/div>\n<\/div>\n<\/div>\n<\/li>\n<\/ul>\n<\/div>\n<\/div>\n<div class=\"WaaZC\">\n<div class=\"RJPOee EIJn2\">\n<div class=\"rPeykc pyPiTc\" data-hveid=\"CFoQAQ\" data-ved=\"2ahUKEwjI_5KahL-NAxUHhlYBHePuIJ4Qo_EKegQIWhAB\"><span data-huuid=\"3966905133306720497\">T\u1ea1i sao n\u00ean b\u1ea3o d\u01b0\u1ee1ng t\u1ea1i h\u00e3ng:<\/span><\/div>\n<\/div>\n<\/div>\n<div class=\"WaaZC\">\n<div class=\"RJPOee EIJn2\">\n<ul data-hveid=\"CGcQAQ\" data-ved=\"2ahUKEwjI_5KahL-NAxUHhlYBHePuIJ4Qm_YKegQIZxAB\">\n<li class=\"K3KsMc\">\n<div class=\"zMgcWd dSKvsb\" data-il=\"\">\n<div data-crb-p=\"\">\n<div class=\"xFTqob\">\n<div class=\"Gur8Ad\"><span data-huuid=\"3966905133306723842\"><strong>\u0110\u1ea3m b\u1ea3o ch\u1ea5t l\u01b0\u1ee3ng:<\/strong><\/span><\/div>\n<div class=\"vM0jzc\">\n<p><span data-huuid=\"3966905133306720861\">H\u00e3ng s\u1eed d\u1ee5ng ph\u1ee5 t\u00f9ng ch\u00ednh h\u00e3ng v\u00e0 c\u00f3 \u0111\u1ed9i ng\u0169 k\u1ef9 thu\u1eadt vi\u00ean \u0111\u01b0\u1ee3c \u0111\u00e0o t\u1ea1o chuy\u00ean nghi\u1ec7p.<span class=\"pjBG2e\" data-cid=\"2a0e0fab-f2f9-48be-81d8-0f317b3b1d55\"><span class=\"UV3uM\">\u00a0<\/span><\/span><\/span><\/p>\n<div class=\"NPrrbc\" data-cid=\"2a0e0fab-f2f9-48be-81d8-0f317b3b1d55\" data-uuids=\"3966905133306723842,3966905133306720861\">\n<div class=\"BMebGe btku5b fCrZyc LwdV0e FR7ZSc OJeuxf\" tabindex=\"0\" role=\"button\" aria-label=\"Xem c\u00e1c \u0111\u01b0\u1eddng li\u00ean k\u1ebft c\u00f3 li\u00ean quan\" data-hveid=\"CF0QAQ\" data-ved=\"2ahUKEwjI_5KahL-NAxUHhlYBHePuIJ4Q3fYKegQIXRAB\">\n<div class=\"niO4u\">\n<div class=\"kHtcsd\"><\/div>\n<\/div>\n<\/div>\n<\/div>\n<\/div>\n<\/div>\n<\/div>\n<\/div>\n<\/li>\n<li class=\"K3KsMc\">\n<div class=\"zMgcWd dSKvsb\" data-il=\"\">\n<div data-crb-p=\"\">\n<div class=\"xFTqob\">\n<div class=\"Gur8Ad\"><span data-huuid=\"3966905133306723091\"><strong>Duy tr\u00ec hi\u1ec7u l\u1ef1c b\u1ea3o h\u00e0nh:<\/strong><\/span><\/div>\n<div class=\"vM0jzc\">\n<p><span data-huuid=\"3966905133306724206\">B\u1ea3o d\u01b0\u1ee1ng t\u1ea1i h\u00e3ng l\u00e0 \u0111i\u1ec1u ki\u1ec7n \u0111\u1ec3 duy tr\u00ec hi\u1ec7u l\u1ef1c b\u1ea3o h\u00e0nh c\u1ee7a xe.<span class=\"pjBG2e\" data-cid=\"63363f23-668a-475e-b077-5ec2411f78ed\"><span class=\"UV3uM\">\u00a0<\/span><\/span><\/span><\/p>\n<div class=\"NPrrbc\" data-cid=\"63363f23-668a-475e-b077-5ec2411f78ed\" data-uuids=\"3966905133306723091,3966905133306724206\">\n<div class=\"BMebGe btku5b fCrZyc LwdV0e FR7ZSc OJeuxf\" tabindex=\"0\" role=\"button\" aria-label=\"Xem c\u00e1c \u0111\u01b0\u1eddng li\u00ean k\u1ebft c\u00f3 li\u00ean quan\" data-hveid=\"CGAQAQ\" data-ved=\"2ahUKEwjI_5KahL-NAxUHhlYBHePuIJ4Q3fYKegQIYBAB\">\n<div class=\"niO4u\">\n<div class=\"kHtcsd\"><\/div>\n<\/div>\n<\/div>\n<\/div>\n<\/div>\n<\/div>\n<\/div>\n<\/div>\n<\/li>\n<li class=\"K3KsMc\">\n<div class=\"zMgcWd dSKvsb\" data-il=\"\">\n<div data-crb-p=\"\">\n<div class=\"xFTqob\">\n<div class=\"Gur8Ad\"><span data-huuid=\"3966905133306722340\"><strong>\u0110\u01b0\u1ee3c t\u01b0 v\u1ea5n v\u00e0 h\u1ed7 tr\u1ee3 k\u1ef9 thu\u1eadt:<\/strong><\/span><\/div>\n<div class=\"vM0jzc\">\n<p><span data-huuid=\"3966905133306723455\">B\u1ea1n c\u00f3 th\u1ec3 \u0111\u01b0\u1ee3c t\u01b0 v\u1ea5n v\u00e0 h\u1ed7 tr\u1ee3 k\u1ef9 thu\u1eadt v\u1ec1 c\u00e1c v\u1ea5n \u0111\u1ec1 li\u00ean quan \u0111\u1ebfn b\u1ea3o d\u01b0\u1ee1ng v\u00e0 s\u1eeda ch\u1eefa xe.<span class=\"pjBG2e\" data-cid=\"16525090-15d2-4481-9cba-b66363fc02ec\"><span class=\"UV3uM\">\u00a0<\/span><\/span><\/span><\/p>\n<div class=\"NPrrbc\" data-cid=\"16525090-15d2-4481-9cba-b66363fc02ec\" data-uuids=\"3966905133306722340,3966905133306723455\">\n<div class=\"BMebGe btku5b fCrZyc LwdV0e FR7ZSc OJeuxf\" tabindex=\"0\" role=\"button\" aria-label=\"Xem c\u00e1c \u0111\u01b0\u1eddng li\u00ean k\u1ebft c\u00f3 li\u00ean quan\" data-hveid=\"CGMQAQ\" data-ved=\"2ahUKEwjI_5KahL-NAxUHhlYBHePuIJ4Q3fYKegQIYxAB\">\n<div class=\"niO4u\">\n<div class=\"kHtcsd\"><\/div>\n<\/div>\n<\/div>\n<\/div>\n<\/div>\n<\/div>\n<\/div>\n<\/div>\n<\/li>\n<\/ul>\n<\/div>\n<\/div>\n<div class=\"WaaZC\">\n<div class=\"RJPOee EIJn2\">\n<div class=\"rPeykc pyPiTc\" data-hveid=\"CGwQAQ\" data-ved=\"2ahUKEwjI_5KahL-NAxUHhlYBHePuIJ4Qo_EKegQIbBAB\"><span data-huuid=\"275183388545815352\">L\u01b0u \u00fd:<\/span><\/div>\n<\/div>\n<\/div>\n<div class=\"WaaZC\">\n<div class=\"RJPOee EIJn2\">\n<ul data-hveid=\"CHUQAQ\" data-ved=\"2ahUKEwjI_5KahL-NAxUHhlYBHePuIJ4Qm_YKegQIdRAB\">\n<li><span data-huuid=\"275183388545815525\"><strong>B\u1ea3o d\u01b0\u1ee1ng \u0111\u1ecbnh k\u1ef3 c\u1ea7n \u0111\u01b0\u1ee3c th\u1ef1c hi\u1ec7n theo l\u1ecbch tr\u00ecnh v\u00e0 quy \u0111\u1ecbnh c\u1ee7a nh\u00e0 s\u1ea3n xu\u1ea5t.<\/strong><span class=\"pjBG2e\" data-cid=\"49e3d17b-0dcf-409b-bb3a-0fb0fc16e6b1\"><span class=\"UV3uM\">\u00a0<\/span><\/span><\/span>\n<div class=\"NPrrbc\" data-cid=\"49e3d17b-0dcf-409b-bb3a-0fb0fc16e6b1\" data-uuids=\"275183388545815525\">\n<div class=\"BMebGe btku5b fCrZyc LwdV0e FR7ZSc OJeuxf\" tabindex=\"0\" role=\"button\" aria-label=\"Xem c\u00e1c \u0111\u01b0\u1eddng li\u00ean k\u1ebft c\u00f3 li\u00ean quan\" data-hveid=\"CG0QAQ\" data-ved=\"2ahUKEwjI_5KahL-NAxUHhlYBHePuIJ4Q3fYKegQIbRAB\">\n<div class=\"niO4u\">\n<div class=\"kHtcsd\"><\/div>\n<\/div>\n<\/div>\n<\/div>\n<\/li>\n<li><span data-huuid=\"275183388545818371\"><strong>B\u1ea1n c\u00f3 th\u1ec3 l\u1ef1a ch\u1ecdn b\u1ea3o d\u01b0\u1ee1ng t\u1ea1i h\u00e3ng ho\u1eb7c c\u00e1c gara uy t\u00edn.<\/strong><span class=\"pjBG2e\" data-cid=\"8d3cefed-efee-4b4e-9814-864113eb46bb\"><span class=\"UV3uM\">\u00a0<\/span><\/span><\/span>\n<div class=\"NPrrbc\" data-cid=\"8d3cefed-efee-4b4e-9814-864113eb46bb\" data-uuids=\"275183388545818371\">\n<div class=\"BMebGe btku5b fCrZyc LwdV0e FR7ZSc OJeuxf\" tabindex=\"0\" role=\"button\" aria-label=\"Xem c\u00e1c \u0111\u01b0\u1eddng li\u00ean k\u1ebft c\u00f3 li\u00ean quan\" data-hveid=\"CHEQAQ\" data-ved=\"2ahUKEwjI_5KahL-NAxUHhlYBHePuIJ4Q3fYKegQIcRAB\">\n<div class=\"niO4u\">\n<div class=\"kHtcsd\"><\/div>\n<\/div>\n<\/div>\n<\/div>\n<\/li>\n<li><span data-huuid=\"275183388545817121\"><strong>Chi ph\u00ed b\u1ea3o d\u01b0\u1ee1ng c\u00f3 th\u1ec3 kh\u00e1c nhau t\u00f9y theo t\u1eebng lo\u1ea1i xe v\u00e0 c\u00e1c h\u1ea1ng m\u1ee5c b\u1ea3o d\u01b0\u1ee1ng.<\/strong><span class=\"pjBG2e\" data-cid=\"c1750f87-70b3-4ed6-ab89-45b3ffe64a0c\"><span class=\"UV3uM\">\u00a0<\/span><\/span><\/span><\/li>\n<\/ul>\n<\/div>\n<\/div>\n","protected":false},"excerpt":{"rendered":"<p>B\u1ea3o d\u01b0\u1ee1ng xe \u00f4 t\u00f4 \u0111\u1ecbnh k\u1ef3\u00a0gi\u00fap ng\u0103n ch\u1eb7n h\u01b0 h\u1ecfng, t\u0103ng \u0111\u1ed9 b\u1ec1n v\u00e0 tu\u1ed5i th\u1ecd c\u1ee7a xe, \u0111\u1ea3m b\u1ea3o an to\u00e0n v\u00e0 gi\u00fap b\u1ea1n l\u00e1i xe m\u1ed9t c\u00e1ch tho\u1ea3i m\u00e1i.\u00a0Vi\u1ec7c b\u1ea3o d\u01b0\u1ee1ng \u0111\u1ecbnh k\u1ef3 c\u0169ng gi\u00fap duy tr\u00ec hi\u1ec7u su\u1ea5t v\u00e0 gi\u00e1 tr\u1ecb c\u1ee7a xe.\u00a0 L\u1ee3i \u00edch c\u1ee7a vi\u1ec7c b\u1ea3o d\u01b0\u1ee1ng \u00f4 t\u00f4 [&#8230;]\n","protected":false},"author":1,"featured_media":0,"parent":0,"menu_order":0,"comment_status":"closed","ping_status":"closed","template":"","meta":{"om_disable_all_campaigns":false,"_monsterinsights_skip_tracking":false,"_monsterinsights_sitenote_active":false,"_monsterinsights_sitenote_note":"","_monsterinsights_sitenote_category":0,"_uf_show_specific_survey":0,"_uf_disable_surveys":false,"footnotes":""},"class_list":["post-336","page","type-page","status-publish","hentry"],"aioseo_notices":[],"_links":{"self":[{"href":"https:\/\/doctorcar.org\/index.php?rest_route=\/wp\/v2\/pages\/336","targetHints":{"allow":["GET"]}}],"collection":[{"href":"https:\/\/doctorcar.org\/index.php?rest_route=\/wp\/v2\/pages"}],"about":[{"href":"https:\/\/doctorcar.org\/index.php?rest_route=\/wp\/v2\/types\/page"}],"author":[{"embeddable":true,"href":"https:\/\/doctorcar.org\/index.php?rest_route=\/wp\/v2\/users\/1"}],"replies":[{"embeddable":true,"href":"https:\/\/doctorcar.org\/index.php?rest_route=%2Fwp%2Fv2%2Fcomments&post=336"}],"version-history":[{"count":2,"href":"https:\/\/doctorcar.org\/index.php?rest_route=\/wp\/v2\/pages\/336\/revisions"}],"predecessor-version":[{"id":340,"href":"https:\/\/doctorcar.org\/index.php?rest_route=\/wp\/v2\/pages\/336\/revisions\/340"}],"wp:attachment":[{"href":"https:\/\/doctorcar.org\/index.php?rest_route=%2Fwp%2Fv2%2Fmedia&parent=336"}],"curies":[{"name":"wp","href":"https:\/\/api.w.org\/{rel}","templated":true}]}}